{"id":4363,"date":"2017-10-31T08:56:48","date_gmt":"2017-10-31T08:56:48","guid":{"rendered":"https:\/\/www.cretanmyron.gr\/onomasia-myron\/"},"modified":"2023-09-04T09:44:40","modified_gmt":"2023-09-04T06:44:40","slug":"die-bezeichnung-myron","status":"publish","type":"page","link":"https:\/\/cretanmyron.gr\/de\/die-bezeichnung-myron\/","title":{"rendered":"Myron"},"content":{"rendered":"<p>[vc_section content_layout=&#8220;full&#8220; animation_delay=&#8220;&#8220; disable=&#8220;&#8220; id=&#8220;&#8220; class=&#8220;&#8220; bg_type=&#8220;image&#8220; bg_image=&#8220;&#8220; color_overlay=&#8220;&#8220; enable_parallax=&#8220;&#8220; enable_pattern=&#8220;&#8220; css=&#8220;.vc_custom_1565249108149{padding-top: 32px !important;}&#8220;][vc_row content_layout=&#8220;boxed&#8220; equal_height=&#8220;&#8220; animation_delay=&#8220;&#8220; disable=&#8220;&#8220; id=&#8220;&#8220; class=&#8220;&#8220; bg_type=&#8220;image&#8220; bg_image=&#8220;&#8220; color_overlay=&#8220;&#8220; enable_parallax=&#8220;&#8220; enable_pattern=&#8220;&#8220;][vc_column layout=&#8220;normal&#8220; vertical_align=&#8220;auto&#8220; animation_delay=&#8220;&#8220;][vc_column_text css=&#8220;.vc_custom_1572533986516{margin-bottom: 0px !important;}&#8220;]<\/p>\n<h2 style=\"text-align: center; margin-bottom: 0;\">Reines &amp; aromatisches Oliven\u00f6l, genauso wie die Myrrhe!<\/h2>\n<p>[\/vc_column_text]\t\t<div class=\"vu_separator vu_s-style-3\">\r\n\t\t\t<span class=\"vu_s-line\"><\/span>\t\t<\/div>\r\n\t[vc_column_text]<\/p>\n<h3 style=\"text-align: center; margin-top: 0px;\">Die Bezeichnung \u201eMyron\u201c<\/h3>\n<p>[\/vc_column_text][\/vc_column][vc_column layout=&#8220;normal&#8220; vertical_align=&#8220;auto&#8220; animation_delay=&#8220;&#8220; width=&#8220;1\/2&#8243;]\t\t<div class=\"vu_image-slider vu_is-navigation-hover vu_is-pagination-hover vu_is-without-captions vu_carousel vu_lightbox vu_l-gallery\" data-options=\"{&quot;singleItem&quot;:true,&quot;autoHeight&quot;:true,&quot;items&quot;:1,&quot;autoPlay&quot;:3000,&quot;stopOnHover&quot;:true,&quot;navigation&quot;:true,&quot;navigationText&quot;:[&quot;&lt;i class=\\&quot;fa fa-arrow-left\\&quot;&gt;&lt;\\\/i&gt;&quot;,&quot;&lt;i class=\\&quot;fa fa-arrow-right\\&quot;&gt;&lt;\\\/i&gt;&quot;],&quot;rewindNav&quot;:true,&quot;scrollPerPage&quot;:true,&quot;pagination&quot;:true,&quot;paginationNumbers&quot;:false}\" data-delegate=\"a.vu_is-lightbox\" data-ratio=\"4:3\">\r\n\t\t\t<div class=\"vu_is-item\"><a href=\"https:\/\/cretanmyron.gr\/wp-content\/uploads\/2019\/09\/1.production-press-factory.jpg\"  class=\"vu_is-lightbox\"><figure class=\"vu_is-i-figure vu_lazy-load\" data-img=\"https:\/\/cretanmyron.gr\/wp-content\/uploads\/2019\/09\/1.production-press-factory.jpg\"><img width=\"400\" height=\"600\" src=\"https:\/\/cretanmyron.gr\/wp-content\/uploads\/2019\/09\/1.production-press-factory-400x600.jpg\" class=\"attachment-bakery_ratio-4:3 size-bakery_ratio-4:3\" alt=\"\" srcset=\"https:\/\/cretanmyron.gr\/wp-content\/uploads\/2019\/09\/1.production-press-factory.jpg 400w, https:\/\/cretanmyron.gr\/wp-content\/uploads\/2019\/09\/1.production-press-factory-200x300.jpg 200w\" sizes=\"(max-width: 400px) 100vw, 400px\" \/><\/figure><\/a><\/div><div class=\"vu_is-item\"><a href=\"https:\/\/cretanmyron.gr\/wp-content\/uploads\/2019\/09\/1PRODUCTION.jpg\"  class=\"vu_is-lightbox\"><figure class=\"vu_is-i-figure vu_lazy-load\" data-img=\"https:\/\/cretanmyron.gr\/wp-content\/uploads\/2019\/09\/1PRODUCTION.jpg\"><img width=\"600\" height=\"467\" src=\"https:\/\/cretanmyron.gr\/wp-content\/uploads\/2019\/09\/1PRODUCTION.jpg\" class=\"attachment-bakery_ratio-4:3 size-bakery_ratio-4:3\" alt=\"\" srcset=\"https:\/\/cretanmyron.gr\/wp-content\/uploads\/2019\/09\/1PRODUCTION.jpg 600w, https:\/\/cretanmyron.gr\/wp-content\/uploads\/2019\/09\/1PRODUCTION-300x234.jpg 300w\" sizes=\"(max-width: 600px) 100vw, 600px\" \/><\/figure><\/a><\/div><div class=\"vu_is-item\"><a href=\"https:\/\/cretanmyron.gr\/wp-content\/uploads\/2019\/09\/2.STORAGE.jpg\"  class=\"vu_is-lightbox\"><figure class=\"vu_is-i-figure vu_lazy-load\" data-img=\"https:\/\/cretanmyron.gr\/wp-content\/uploads\/2019\/09\/2.STORAGE.jpg\"><img width=\"600\" height=\"399\" src=\"https:\/\/cretanmyron.gr\/wp-content\/uploads\/2019\/09\/2.STORAGE.jpg\" class=\"attachment-bakery_ratio-4:3 size-bakery_ratio-4:3\" alt=\"\" srcset=\"https:\/\/cretanmyron.gr\/wp-content\/uploads\/2019\/09\/2.STORAGE.jpg 600w, https:\/\/cretanmyron.gr\/wp-content\/uploads\/2019\/09\/2.STORAGE-300x200.jpg 300w\" sizes=\"(max-width: 600px) 100vw, 600px\" \/><\/figure><\/a><\/div><div class=\"vu_is-item\"><a href=\"https:\/\/cretanmyron.gr\/wp-content\/uploads\/2019\/09\/3bottling.jpg\"  class=\"vu_is-lightbox\"><figure class=\"vu_is-i-figure vu_lazy-load\" data-img=\"https:\/\/cretanmyron.gr\/wp-content\/uploads\/2019\/09\/3bottling.jpg\"><img width=\"600\" height=\"400\" src=\"https:\/\/cretanmyron.gr\/wp-content\/uploads\/2019\/09\/3bottling.jpg\" class=\"attachment-bakery_ratio-4:3 size-bakery_ratio-4:3\" alt=\"\" srcset=\"https:\/\/cretanmyron.gr\/wp-content\/uploads\/2019\/09\/3bottling.jpg 600w, https:\/\/cretanmyron.gr\/wp-content\/uploads\/2019\/09\/3bottling-300x200.jpg 300w\" sizes=\"(max-width: 600px) 100vw, 600px\" \/><\/figure><\/a><\/div><div class=\"vu_is-item\"><a href=\"https:\/\/cretanmyron.gr\/wp-content\/uploads\/2019\/09\/4.PACKING.jpg\"  class=\"vu_is-lightbox\"><figure class=\"vu_is-i-figure vu_lazy-load\" data-img=\"https:\/\/cretanmyron.gr\/wp-content\/uploads\/2019\/09\/4.PACKING.jpg\"><img width=\"400\" height=\"600\" src=\"https:\/\/cretanmyron.gr\/wp-content\/uploads\/2019\/09\/4.PACKING-400x600.jpg\" class=\"attachment-bakery_ratio-4:3 size-bakery_ratio-4:3\" alt=\"\" srcset=\"https:\/\/cretanmyron.gr\/wp-content\/uploads\/2019\/09\/4.PACKING.jpg 400w, https:\/\/cretanmyron.gr\/wp-content\/uploads\/2019\/09\/4.PACKING-200x300.jpg 200w\" sizes=\"(max-width: 400px) 100vw, 400px\" \/><\/figure><\/a><\/div><div class=\"vu_is-item\"><a href=\"https:\/\/cretanmyron.gr\/wp-content\/uploads\/2019\/09\/6palletizing.jpg\"  class=\"vu_is-lightbox\"><figure class=\"vu_is-i-figure vu_lazy-load\" data-img=\"https:\/\/cretanmyron.gr\/wp-content\/uploads\/2019\/09\/6palletizing.jpg\"><img width=\"600\" height=\"400\" src=\"https:\/\/cretanmyron.gr\/wp-content\/uploads\/2019\/09\/6palletizing.jpg\" class=\"attachment-bakery_ratio-4:3 size-bakery_ratio-4:3\" alt=\"\" srcset=\"https:\/\/cretanmyron.gr\/wp-content\/uploads\/2019\/09\/6palletizing.jpg 600w, https:\/\/cretanmyron.gr\/wp-content\/uploads\/2019\/09\/6palletizing-300x200.jpg 300w\" sizes=\"(max-width: 600px) 100vw, 600px\" \/><\/figure><\/a><\/div>\t\t<\/div>\r\n\t[\/vc_column][vc_column layout=&#8220;normal&#8220; vertical_align=&#8220;auto&#8220; animation_delay=&#8220;&#8220; width=&#8220;1\/2&#8243;][vc_column_text css=&#8220;.vc_custom_1572534041596{padding-top: 90px !important;}&#8220;]Nach der orthodox christlichen Tradition wird jeder Mensch fr\u00fch in seiner Kindheit getauft. Beim Sakrament der Taufe ist das Oliven\u00f6l jenes Mittel, wodurch die Gnade Gottes der getauften Person \u00fcbertragen wird, und es wird <strong>\u201eMyro\u201c<\/strong> (Myrrhe) genannt. Ein Schutz-, Flexibilit\u00e4ts- und Wiedergeburtssymbol f\u00fcr jede getaufte Person, und zwar lebenslang.<\/p>\n<p>Die Bezeichnung MYRON stammt au\u00dferdem aus der griechischen Bedeutung der Myrrhe als aromatischen, s\u00fc\u00dfen \u00d6ls und alles Erlesenen![\/vc_column_text][\/vc_column][\/vc_row][\/vc_section][vc_row content_layout=&#8220;full&#8220; equal_height=&#8220;&#8220; animation_delay=&#8220;&#8220; disable=&#8220;&#8220; id=&#8220;&#8220; class=&#8220;&#8220; bg_type=&#8220;image&#8220; bg_image=&#8220;&#8220; color_overlay=&#8220;&#8220; enable_parallax=&#8220;&#8220; enable_pattern=&#8220;&#8220; css=&#8220;.vc_custom_1565249174163{padding-top: 32px !important;background-color: #f9f9f9 !important;}&#8220;][vc_column layout=&#8220;normal&#8220; vertical_align=&#8220;auto&#8220; animation_delay=&#8220;&#8220;][vc_column_text]<div class=\"foogallery foogallery-container foogallery-default foogallery-lightbox-foobox fg-gutter-15 fg-center fg-default fg-light fg-shadow-outline fg-loading-default fg-loaded-fade-in fg-custom fg-hover-fade fg-hover-zoom\" id=\"foogallery-gallery-4845\" data-foogallery=\"{&quot;item&quot;:{&quot;showCaptionTitle&quot;:false,&quot;showCaptionDescription&quot;:false},&quot;lazy&quot;:true,&quot;src&quot;:&quot;data-src-fg&quot;,&quot;srcset&quot;:&quot;data-srcset-fg&quot;}\" data-fg-common-fields=\"1\" >\r\n\t<div class=\"fg-item\"><figure class=\"fg-item-inner\"><a href=\"https:\/\/cretanmyron.gr\/wp-content\/uploads\/2021\/12\/1.jpg\" data-attachment-id=\"4848\" class=\"fg-thumb\"><span class=\"fg-image-wrap\"><img width=\"180\" height=\"253\" data-src-fg=\"https:\/\/cretanmyron.gr\/wp-content\/uploads\/cache\/2021\/12\/1\/1883901556.jpg\" class=\"fg-image\" \/><\/span><\/a><figcaption class=\"fg-caption\"><div class=\"fg-caption-inner\"><\/div><\/figcaption><\/figure><div class=\"fg-loader\"><\/div><\/div><div class=\"fg-item\"><figure class=\"fg-item-inner\"><a href=\"https:\/\/cretanmyron.gr\/wp-content\/uploads\/2021\/12\/2.jpg\" data-attachment-id=\"4851\" class=\"fg-thumb\"><span class=\"fg-image-wrap\"><img width=\"180\" height=\"253\" data-src-fg=\"https:\/\/cretanmyron.gr\/wp-content\/uploads\/cache\/2021\/12\/2\/2154048771.jpg\" class=\"fg-image\" \/><\/span><\/a><figcaption class=\"fg-caption\"><div class=\"fg-caption-inner\"><\/div><\/figcaption><\/figure><div class=\"fg-loader\"><\/div><\/div><div class=\"fg-item\"><figure class=\"fg-item-inner\"><a href=\"https:\/\/cretanmyron.gr\/wp-content\/uploads\/2021\/12\/3.jpg\" data-attachment-id=\"4854\" class=\"fg-thumb\"><span class=\"fg-image-wrap\"><img width=\"180\" height=\"253\" data-src-fg=\"https:\/\/cretanmyron.gr\/wp-content\/uploads\/cache\/2021\/12\/3\/2614192461.jpg\" class=\"fg-image\" \/><\/span><\/a><figcaption class=\"fg-caption\"><div class=\"fg-caption-inner\"><\/div><\/figcaption><\/figure><div class=\"fg-loader\"><\/div><\/div><div class=\"fg-item\"><figure class=\"fg-item-inner\"><a href=\"https:\/\/cretanmyron.gr\/wp-content\/uploads\/2021\/12\/4.jpg\" data-attachment-id=\"4857\" class=\"fg-thumb\"><span class=\"fg-image-wrap\"><img width=\"180\" height=\"253\" data-src-fg=\"https:\/\/cretanmyron.gr\/wp-content\/uploads\/cache\/2021\/12\/4\/3692995556.jpg\" class=\"fg-image\" \/><\/span><\/a><figcaption class=\"fg-caption\"><div class=\"fg-caption-inner\"><\/div><\/figcaption><\/figure><div class=\"fg-loader\"><\/div><\/div><div class=\"fg-item\"><figure class=\"fg-item-inner\"><a href=\"https:\/\/cretanmyron.gr\/wp-content\/uploads\/2021\/12\/ENCertification_PREVELIANAKIS-AGGELOS-MON.-EPE-AGGELOS-LTD-pdf.jpg\" data-attachment-id=\"4932\" class=\"fg-thumb\"><span class=\"fg-image-wrap\"><img width=\"180\" height=\"253\" data-src-fg=\"https:\/\/cretanmyron.gr\/wp-content\/uploads\/cache\/2021\/12\/ENCertification_PREVELIANAKIS-AGGELOS-MON_-EPE-AGGELOS-LTD-pdf\/3759193743.jpg\" class=\"fg-image\" \/><\/span><\/a><figcaption class=\"fg-caption\"><div class=\"fg-caption-inner\"><\/div><\/figcaption><\/figure><div class=\"fg-loader\"><\/div><\/div><div class=\"fg-item\"><figure class=\"fg-item-inner\"><a href=\"https:\/\/cretanmyron.gr\/wp-content\/uploads\/2021\/12\/0001.jpg\" data-attachment-id=\"4863\" class=\"fg-thumb\"><span class=\"fg-image-wrap\"><img width=\"180\" height=\"253\" data-src-fg=\"https:\/\/cretanmyron.gr\/wp-content\/uploads\/cache\/2021\/12\/0001\/3908097839.jpg\" class=\"fg-image\" \/><\/span><\/a><figcaption class=\"fg-caption\"><div class=\"fg-caption-inner\"><\/div><\/figcaption><\/figure><div class=\"fg-loader\"><\/div><\/div><div class=\"fg-item\"><figure class=\"fg-item-inner\"><a href=\"https:\/\/cretanmyron.gr\/wp-content\/uploads\/2019\/08\/\u0391\u0393\u0393\u039b\u0399\u039a\u0391-\u0393\u0395\u03a1\u039c\u0391\u039d\u0399\u039a\u0391-CERTIFICATE-CHAMBER-OF-COMMERCE-OF-HERAKLION.jpg\" data-attachment-id=\"4923\" class=\"fg-thumb\"><span class=\"fg-image-wrap\"><img width=\"180\" height=\"253\" data-src-fg=\"https:\/\/cretanmyron.gr\/wp-content\/uploads\/cache\/2019\/08\/\u0391\u0393\u0393\u039b\u0399\u039a\u0391-\u0393\u0395\u03a1\u039c\u0391\u039d\u0399\u039a\u0391-CERTIFICATE-CHAMBER-OF-COMMERCE-OF-HERAKLION\/2579968747.jpg\" class=\"fg-image\" \/><\/span><\/a><figcaption class=\"fg-caption\"><div class=\"fg-caption-inner\"><\/div><\/figcaption><\/figure><div class=\"fg-loader\"><\/div><\/div><div class=\"fg-item\"><figure class=\"fg-item-inner\"><a href=\"https:\/\/cretanmyron.gr\/wp-content\/uploads\/2021\/12\/\u0391\u0393\u0393\u0399\u039a\u0391-\u0393\u0395\u03a1\u039c\u0391\u039d\u0399\u039a\u0391-PREVELIANAKIS-22000-EN.jpg\" data-attachment-id=\"4901\" class=\"fg-thumb\"><span class=\"fg-image-wrap\"><img width=\"180\" height=\"253\" data-src-fg=\"https:\/\/cretanmyron.gr\/wp-content\/uploads\/cache\/2021\/12\/\u0391\u0393\u0393\u0399\u039a\u0391-\u0393\u0395\u03a1\u039c\u0391\u039d\u0399\u039a\u0391-PREVELIANAKIS-22000-EN\/2271858621.jpg\" class=\"fg-image\" \/><\/span><\/a><figcaption class=\"fg-caption\"><div class=\"fg-caption-inner\"><\/div><\/figcaption><\/figure><div class=\"fg-loader\"><\/div><\/div><div class=\"fg-item\"><figure class=\"fg-item-inner\"><a href=\"https:\/\/cretanmyron.gr\/wp-content\/uploads\/2021\/12\/CERTIFICATE-PDO-MESSARA-EN.jpg\" data-attachment-id=\"4876\" class=\"fg-thumb\"><span class=\"fg-image-wrap\"><img width=\"180\" height=\"253\" data-src-fg=\"https:\/\/cretanmyron.gr\/wp-content\/uploads\/cache\/2021\/12\/CERTIFICATE-PDO-MESSARA-EN\/3664081073.jpg\" class=\"fg-image\" \/><\/span><\/a><figcaption class=\"fg-caption\"><div class=\"fg-caption-inner\"><\/div><\/figcaption><\/figure><div class=\"fg-loader\"><\/div><\/div><div class=\"fg-item\"><figure class=\"fg-item-inner\"><a href=\"https:\/\/cretanmyron.gr\/wp-content\/uploads\/2021\/12\/39430-\u03a0\u03a1\u0395\u0392\u0395\u039b\u0399\u0391\u039d\u0391\u039a\u0397\u03a3-\u0391\u0393\u0393\u0395\u039b\u039f\u03a3-\u039c\u039f\u039d.-\u0395.\u03a0.\u0395.-\u03a0\u0399\u03a3\u03a4\u039f\u03a0\u039f\u0399\u0397\u03a4\u0399\u039a\u039fen.png\" data-attachment-id=\"4890\" class=\"fg-thumb\"><span class=\"fg-image-wrap\"><img width=\"180\" height=\"253\" data-src-fg=\"https:\/\/cretanmyron.gr\/wp-content\/uploads\/cache\/2021\/12\/39430-\u03a0\u03a1\u0395\u0392\u0395\u039b\u0399\u0391\u039d\u0391\u039a\u0397\u03a3-\u0391\u0393\u0393\u0395\u039b\u039f\u03a3-\u039c\u039f\u039d_-\u0395_\u03a0_\u0395_-\u03a0\u0399\u03a3\u03a4\u039f\u03a0\u039f\u0399\u0397\u03a4\u0399\u039a\u039fen\/2802595386.png\" class=\"fg-image\" \/><\/span><\/a><figcaption class=\"fg-caption\"><div class=\"fg-caption-inner\"><\/div><\/figcaption><\/figure><div class=\"fg-loader\"><\/div><\/div><\/div>\r\n[\/vc_column_text][\/vc_column][\/vc_row]<\/p>\n","protected":false},"excerpt":{"rendered":"<p>[vc_section content_layout=&#8220;full&#8220; animation_delay=&#8220;&#8220; disable=&#8220;&#8220; id=&#8220;&#8220; class=&#8220;&#8220; bg_type=&#8220;image&#8220; bg_image=&#8220;&#8220; color_overlay=&#8220;&#8220; enable_parallax=&#8220;&#8220; enable_pattern=&#8220;&#8220; css=&#8220;.vc_custom_1565249108149{padding-top: 32px !important;}&#8220;][vc_row content_layout=&#8220;boxed&#8220; equal_height=&#8220;&#8220; animation_delay=&#8220;&#8220; disable=&#8220;&#8220; id=&#8220;&#8220; class=&#8220;&#8220; bg_type=&#8220;image&#8220; bg_image=&#8220;&#8220; color_overlay=&#8220;&#8220; enable_parallax=&#8220;&#8220; enable_pattern=&#8220;&#8220;][vc_column layout=&#8220;normal&#8220; vertical_align=&#8220;auto&#8220; animation_delay=&#8220;&#8220;][vc_column_text css=&#8220;.vc_custom_1572533986516{margin-bottom: 0px !important;}&#8220;] Reines &amp; aromatisches Oliven\u00f6l, genauso wie die Myrrhe! [\/vc_column_text][vc_column_text] Die Bezeichnung \u201eMyron\u201c [\/vc_column_text][\/vc_column][vc_column layout=&#8220;normal&#8220; vertical_align=&#8220;auto&#8220; animation_delay=&#8220;&#8220; width=&#8220;1\/2&#8243;][\/vc_column][vc_column layout=&#8220;normal&#8220; vertical_align=&#8220;auto&#8220; animation_delay=&#8220;&#8220; width=&#8220;1\/2&#8243;][vc_column_text css=&#8220;.vc_custom_1572534041596{padding-top: 90px !important;}&#8220;]Nach [&hellip;]<\/p>\n","protected":false},"author":4,"featured_media":0,"parent":0,"menu_order":0,"comment_status":"closed","ping_status":"closed","template":"","meta":[],"_links":{"self":[{"href":"https:\/\/cretanmyron.gr\/de\/wp-json\/wp\/v2\/pages\/4363"}],"collection":[{"href":"https:\/\/cretanmyron.gr\/de\/wp-json\/wp\/v2\/pages"}],"about":[{"href":"https:\/\/cretanmyron.gr\/de\/wp-json\/wp\/v2\/types\/page"}],"author":[{"embeddable":true,"href":"https:\/\/cretanmyron.gr\/de\/wp-json\/wp\/v2\/users\/4"}],"replies":[{"embeddable":true,"href":"https:\/\/cretanmyron.gr\/de\/wp-json\/wp\/v2\/comments?post=4363"}],"version-history":[{"count":0,"href":"https:\/\/cretanmyron.gr\/de\/wp-json\/wp\/v2\/pages\/4363\/revisions"}],"wp:attachment":[{"href":"https:\/\/cretanmyron.gr\/de\/wp-json\/wp\/v2\/media?parent=4363"}],"curies":[{"name":"wp","href":"https:\/\/api.w.org\/{rel}","templated":true}]}}