{"id":4359,"date":"2019-08-08T23:17:38","date_gmt":"2019-08-08T20:17:38","guid":{"rendered":"https:\/\/www.cretanmyron.gr\/kritiki-diatrofi\/"},"modified":"2019-11-04T10:04:37","modified_gmt":"2019-11-04T08:04:37","slug":"kretische-ernaehrung","status":"publish","type":"page","link":"https:\/\/cretanmyron.gr\/de\/kretische-ernaehrung\/","title":{"rendered":"Kretische Ern\u00e4hrung"},"content":{"rendered":"<p>[vc_section content_layout=&#8220;full&#8220; animation_delay=&#8220;&#8220; disable=&#8220;&#8220; id=&#8220;&#8220; class=&#8220;&#8220; bg_type=&#8220;image&#8220; bg_image=&#8220;&#8220; color_overlay=&#8220;&#8220; enable_parallax=&#8220;&#8220; enable_pattern=&#8220;&#8220; css=&#8220;.vc_custom_1565250414392{padding-top: 32px !important;padding-bottom: 32px !important;}&#8220;][vc_row content_layout=&#8220;boxed&#8220; equal_height=&#8220;&#8220; animation_delay=&#8220;&#8220; disable=&#8220;&#8220; id=&#8220;&#8220; class=&#8220;&#8220; bg_type=&#8220;image&#8220; bg_image=&#8220;&#8220; color_overlay=&#8220;&#8220; enable_parallax=&#8220;&#8220; enable_pattern=&#8220;&#8220;][vc_column layout=&#8220;normal&#8220; vertical_align=&#8220;auto&#8220; animation_delay=&#8220;&#8220;][vc_column_text css=&#8220;.vc_custom_1572854337824{margin-bottom: 0px !important;}&#8220;]<\/p>\n<h2 style=\"text-align: center; margin-bottom: 0;\">Oliven\u00f6l CRETAN MYRON<\/h2>\n<p>[\/vc_column_text]\t\t<div class=\"vu_separator vu_s-style-3\">\r\n\t\t\t<span class=\"vu_s-line\"><\/span>\t\t<\/div>\r\n\t[vc_column_text]<\/p>\n<h3 style=\"text-align: center; margin-top: 0px;\">Merkmale der kretischen Ern\u00e4hrung<\/h3>\n<p>[\/vc_column_text][\/vc_column][vc_column layout=&#8220;normal&#8220; vertical_align=&#8220;auto&#8220; animation_delay=&#8220;&#8220; offset=&#8220;vc_col-lg-5&#8243;][vc_single_image image=&#8220;4259&#8243; img_size=&#8220;full&#8220; alignment=&#8220;center&#8220; css=&#8220;.vc_custom_1565340029240{margin-bottom: 10px !important;}&#8220;][\/vc_column][vc_column layout=&#8220;normal&#8220; vertical_align=&#8220;auto&#8220; animation_delay=&#8220;&#8220; offset=&#8220;vc_col-lg-7&#8243;][vc_column_text css=&#8220;.vc_custom_1572854415956{margin-bottom: 0px !important;padding-top: 50px !important;}&#8220;]Das <strong>Oliven\u00f6l<\/strong> ist die <strong>wichtigste Zutat der kretischen Ern\u00e4hrung<\/strong> und die einzige Quelle von Fetts\u00e4uren.<\/p>\n<p><u>Die traditionelle kretische Ern\u00e4hrung beinhaltet folgende Merkmale:<\/u><\/p>\n<ul>\n<li>Reichlich pflanzliche Fasern (H\u00fclsenfr\u00fcchte, Obst, Gem\u00fcse, Kartoffeln, Fr\u00fcchte).<\/li>\n<li>Sehr wenige verarbeitete Produkte.<\/li>\n<li>Minimaler Verbrauch von Brot und Alkohol.<\/li>\n<li>Milchprodukte (haupts\u00e4chlich K\u00e4se und Joghurt) t\u00e4glich in kleinen bis mittleren Mengen.<\/li>\n<li>Fisch und Gefl\u00fcgel in kleinen bis mittleren Mengen.<\/li>\n<li>Rotes Fleisch, 2 Mal im Monat.<\/li>\n<li>Oliven\u00f6le, als wichtige und einzige Fettquelle dieser Ern\u00e4hrung.<\/li>\n<li>\u00dcblicherweise wird das Mahl von einem Glas Rotwein begleitet.<\/li>\n<\/ul>\n<p>[\/vc_column_text][\/vc_column][vc_column layout=&#8220;normal&#8220; vertical_align=&#8220;auto&#8220; animation_delay=&#8220;&#8220;][vc_separator color=&#8220;white&#8220;][\/vc_column][vc_column layout=&#8220;normal&#8220; vertical_align=&#8220;auto&#8220; animation_delay=&#8220;&#8220;][vc_column_text]Verschiedene \u00f6kologische, sozial-\u00f6konomische, kulturelle und religi\u00f6se Faktoren haben zur Gestaltung dieses <strong>einmaligen Ern\u00e4hrungsvorbilds, des kretischen, beigetragen.<\/strong><\/p>\n<p><strong>Aufgrund der Ern\u00e4hrung von Kreta<\/strong> wurde im Jahre 1960 von den Wissenschaftlern der Gesundheit und der Ern\u00e4hrung das Vorbild der <strong>mittelmeerischen Ern\u00e4hrung<\/strong> bestimmt, das in den letzten Jahren zum Gegenstand intensiver wissenschaftlicher Nachforschung geworden ist. Der Begriff mittelmeerische Ern\u00e4hrung, wie er heute gebraucht wird, wurde eigentlich von den Ern\u00e4hrungswissenschaftlern eingef\u00fchrt, um <strong>die Di\u00e4t von Kreta<\/strong>, aber auch die Di\u00e4ten <strong>anderer Regionen des Mittelmeeres<\/strong> mit gemeinsamen Merkmalen, in den 50er und 60er Jahren zu beschreiben. Da das Oliven\u00f6l die Hauptfettquelle in der Di\u00e4t der Kreter war, beschreibt der Begriff \u201emittelmeerische Ern\u00e4hrung\u201c im wesentlichen jenes Ern\u00e4hrungsvorbild, das damals in Gegenden ums Mittelmeer herrschte, wo <strong>die Olivenb\u00e4ume traditionell angebaut wurden<\/strong>.[\/vc_column_text][\/vc_column][\/vc_row][\/vc_section][vc_row content_layout=&#8220;boxed&#8220; equal_height=&#8220;&#8220; animation_delay=&#8220;&#8220; disable=&#8220;&#8220; id=&#8220;&#8220; class=&#8220;&#8220; bg_type=&#8220;image&#8220; bg_image=&#8220;&#8220; color_overlay=&#8220;&#8220; enable_parallax=&#8220;&#8220; enable_pattern=&#8220;&#8220; css=&#8220;.vc_custom_1565295136054{padding-top: 45px !important;padding-bottom: 32px !important;background-color: #f9f9f9 !important;}&#8220;][vc_column layout=&#8220;normal&#8220; vertical_align=&#8220;auto&#8220; animation_delay=&#8220;&#8220;][vc_tta_accordion active_section=&#8220;1&#8243; class=&#8220;&#8220; collapsible_all=&#8220;true&#8220;][vc_tta_section class=&#8220;&#8220; title=&#8220;Die Studie der Sieben L\u00e4nder 1960 \u2013 vom Amerikaner Ansel Kiss&#8220; tab_id=&#8220;1565338177294-89575ed3-87cb&#8220;][vc_column_text]<img class=\"alignleft wp-image-3227 size-full\" src=\"https:\/\/cretanmyron.gr\/wp-content\/uploads\/2019\/08\/81666-ansel_kiss.jpg\" alt=\"\" width=\"387\" height=\"421\" srcset=\"https:\/\/cretanmyron.gr\/wp-content\/uploads\/2019\/08\/81666-ansel_kiss.jpg 387w, https:\/\/cretanmyron.gr\/wp-content\/uploads\/2019\/08\/81666-ansel_kiss-276x300.jpg 276w\" sizes=\"(max-width: 387px) 100vw, 387px\" \/><\/p>\n<p>Der Zusammenhang zwischen dem Di\u00e4t der Bewohner von Kreta und der Gesundheit wurde sp\u00e4ter, mit der Studie der Sieben L\u00e4nder weit bekannt. Diese Untersuchung begann kurz vor 1960 vom Amerikaner Ansel Kiss und seinen Mitarbeitern, und hatte als Anlass die beieindruckend niedrige Sterberate aber auch den niedrigen Prozentsatz von Herz-Kreislauf-Erkrankungen beobachtet in der Region. Die\u00a0 besonderen Ern\u00e4hrungsgewohnheiten, charakteristisch f\u00fcr diese Gegend, wurden untersucht, um die niedrigere H\u00e4ufigkeit der koronaren Herzerkrankung und des Krebses, aber auch die niedrigere Sterberate aus s\u00e4mtlichen Gr\u00fcnden, beobachtet auf Kreta im Verh\u00e4ltnis zu von den Forschern ausgew\u00e4hten L\u00e4ndern, zu erkl\u00e4ren. Gem\u00e4\u00df den Angaben der Vereinigten Nationen hatte <strong>keine andere Region des Mittelmeers<\/strong>, sowohl vor als auch nach dem Zweiten Weltkrieg, <strong>solche niedrige Sterberaten, wie Kreta<\/strong>.<\/p>\n<p>&nbsp;<\/p>\n<p>In der Untersuchung haben insgesamt etwa 13.000 M\u00e4nner teilgenommen, welche aus sechzehn verschiedenen Regionen sieben L\u00e4nder ausgew\u00e4hlt wurden (Finnland, den Niederlanden, Japan, den Vereinigten Staaten von Amerika, Italien, Jugoslavien und Griechenland); das Ziel war, das unklare Verh\u00e4ltnis zwischen Di\u00e4t und Erscheinung von Herz-Kreislauf-Erkrankungen zu untersuchen. Die Vergleiche unter den verschiedenen Bev\u00f6lkerungsgruppen zeigten, da\u00df die Bev\u00f6lkerung von Kreta den besten Gesundheitszustand und die niedrigsten Sterberaten aus der koronaren Herzerkrankung und dem Krebs im Verh\u00e4ltnis zu den anderern untersuchten Bev\u00f6lkerungsgruppen aufwiesen. Nach 20 Jahren Untersuchung <strong>wiesen die Kreter <\/strong>immer noch<strong> die niedrigsten Sterberaten aus s\u00e4mtlichen Ursachen auf<\/strong>, und nach 25 Jahren Untersuchung waren die Todesf\u00e4lle wegen der koronaren Herzerkrankung auf Kreta beeindruckend weniger im Verh\u00e4ltnis zu den Todesf\u00e4llen beobachtet in Bev\u00f6lkerungsgruppen von den USA oder Nordeuropa, aber auch von anderen Gegenden S\u00fcdeuropas, wie Italien, Jugoslavien und Korfu.[\/vc_column_text][\/vc_tta_section][vc_tta_section class=&#8220;&#8220; title=&#8220;Die Studie \u201eLyon Heart\u201c &#8220; tab_id=&#8220;1565338177312-675dcefa-3378&#8243;][vc_column_text]Nach der Studie der Sieben L\u00e4nder haben die franz\u00f6sischen Forscher Serge Renaud und Michel de Longeril in der Studie <strong>Lyon Heart Study <\/strong>gezeigt, da\u00df die Einhaltung einer Di\u00e4t nach kretischer Art von Patienten, die einen akuten Myokardinfarkt erlitten hatten, den Prozentsatz der Todesf\u00e4lle in den 27 Monaten nach dem Vorfall um 70 % senkte; dies stand im Vergleich zur Di\u00e4t, welche die Amerikanische Kardiologische Gesellschaft empfahl. Nach 4 Jahren wurde die Di\u00e4t kretischer Art mit der Verringerung der gesamtem Sterberate um 56 % und der Krebsh\u00e4ufigkeit um 61 % in Zusammenhang gebracht.[\/vc_column_text][\/vc_tta_section][vc_tta_section class=&#8220;&#8220; title=&#8220;Die Rolle des Fastens in der kretischen Ern\u00e4hrung &#8220; tab_id=&#8220;1565338211998-60491def-086f&#8220;][vc_column_text]Zum niedrigen Verbrauch von Lebensmitten tierischer Herkunft, beobachtet auf Kreta in der Studie der sieben L\u00e4nder, scheint auch die Tatsache beizutragen, da\u00df die Kreter um jene Zeit im gro\u00dfen Ma\u00dfe die von der griechisch-orthodoxen Kirche angeordneten Fastentage eingehalten haben. W\u00e4hrend der Fastenzeiten (kein Verzehr von Fleisch und Milchprodukten) wurden die tierischen Produkte f\u00fcr den Verzehr au\u00dferhalb dieser Zeiten aufbewahrt; diese Tradition war, au\u00dfer ihres Beitrags zu besserer Gesundheit, auch f\u00fcr das \u00f6kologische und Umweltgleichgewicht von Bedeutung. Die orthodoxe christliche Tradition bestimmt verschiedene Fastenzeiten, die insgesamt 180 \u2013 200 Tage im Laufe des ganzen Jahres betragen. Folglich dreht es sich um eine lange Zeitspanne, die deutlich zur gesamten Nahrungsaufnahme und Entgiftung des Organismus beitr\u00e4gt.[\/vc_column_text][\/vc_tta_section][\/vc_tta_accordion][\/vc_column][\/vc_row][vc_row content_layout=&#8220;boxed&#8220; equal_height=&#8220;&#8220; animation_delay=&#8220;&#8220; disable=&#8220;&#8220; id=&#8220;&#8220; class=&#8220;&#8220; bg_type=&#8220;image&#8220; bg_image=&#8220;&#8220; color_overlay=&#8220;&#8220; enable_parallax=&#8220;&#8220; enable_pattern=&#8220;&#8220; css=&#8220;.vc_custom_1565339841741{padding-top: 50px !important;padding-bottom: 32px !important;}&#8220;][vc_column layout=&#8220;normal&#8220; vertical_align=&#8220;auto&#8220; animation_delay=&#8220;&#8220; css=&#8220;.vc_custom_1565339958599{padding-bottom: 16px !important;}&#8220;][vc_column_text css=&#8220;.vc_custom_1572854547892{margin-bottom: 0px !important;}&#8220;]<\/p>\n<h3 style=\"text-align: center; margin-bottom: 0;\">OLIVEN\u00d6L &amp; BRATEN<\/h3>\n<p>[\/vc_column_text]\t\t<div class=\"vu_separator vu_s-style-3\">\r\n\t\t\t<span class=\"vu_s-line\"><\/span>\t\t<\/div>\r\n\t[vc_column_text]<\/p>\n<h3 style=\"text-align: center;\">Ist das Oliven\u00f6l das geeigneteste zum Braten gegen\u00fcber den anderen Fetten?<\/h3>\n<h3 style=\"text-align: center;\">Die Antwort wird klar weiter unten bewiesen&#8230;<\/h3>\n<p>[\/vc_column_text][\/vc_column][vc_column layout=&#8220;normal&#8220; vertical_align=&#8220;auto&#8220; animation_delay=&#8220;&#8220; width=&#8220;1\/2&#8243;][vc_column_text]<strong>Braten Sie frei, sicherer und wirtschaftlicher mit Oliven\u00f6l!<\/strong><\/p>\n<p><strong>\u00a0<\/strong><\/p>\n<p>Das Oliven\u00f6l ist sehr stabil wegen seines mittleren S\u00e4ttigungsgrades und oxidiert sich nicht leicht, da es eine gro\u00dfe Anzahl Antioxidantien enth\u00e4lt, wie A-Tocopherol und phenolische Zutaten. Im Gegensatz dazu haben die tierischen Fette einen hohen S\u00e4ttigungsgrad und enthalten keine Antioxidantien, w\u00e4hrend die Samen\u00f6le einen niedrigen S\u00e4ttigungsgrad haben und sich viel leichter oxidieren. Auch eine andere Zutat, das D5-Abenasterol, das in h\u00f6heren Mengen im Oliven\u00f6l enthalten ist, ist praktisch in hohen Temperaturen als Antioxidans wirksam.<\/p>\n<p>Beim Braten der Lebensmittel nimmt das Volumen des Oliven\u00f6ls in h\u00f6heren Temperaturen zu, und demzufolge braucht man eine kleinere Menge; dazu kommt, da\u00df es von den Lebensmitteln im Vergleich zu den restlichen Fettstoffen weniger aufgesaugt wird, und da\u00df das gleiche nochmals verwendet werden kann, ohne da\u00df dabei Peroxide oder Isomerisierung entstehen, die die wohltuenden Ergebnisse am Fettstoffwechsel annulieren.[\/vc_column_text][\/vc_column][vc_column layout=&#8220;normal&#8220; vertical_align=&#8220;auto&#8220; animation_delay=&#8220;&#8220; width=&#8220;1\/2&#8243;][vc_column_text]<strong>Empfehlung der richtigen Brattemperatur<\/strong>: <u>bis 180\u00b0 C<\/u>. Diese ist die \u201ekritische Temperatur\u201c, d.h. der Temperaturgrad, bis welchem das \u00d6l seine wichtigen Merkmale unver\u00e4ndert beh\u00e4lt.<\/p>\n<p>Die kritischen Temperaturen der \u00fcblichsten \u00d6le und Fette sind folgende:<\/p>\n<ul>\n<li><strong>Oliven\u00f6l 210\u00b0 C<\/strong><\/li>\n<li><strong> Schweinefett 180\u00b0 C<\/strong><\/li>\n<li><strong> Sonnenblumen\u00f6l 170\u00b0 C<\/strong><\/li>\n<li><strong> Soja\u00f6l 170\u00b0 C<\/strong><\/li>\n<li><strong> Mais\u00f6l 160\u00b0 C<\/strong><\/li>\n<li><strong> Margarine 150\u00b0 C<\/strong><\/li>\n<li><strong> Butter 110\u00b0 C<\/strong><\/li>\n<\/ul>\n<p>Fettstoffe, wie Margarine und Butter, haben eine niedrige kritische Temperatur und bei diesen entstehen w\u00e4hrend des Bratens Acrolein und andere Oxidationsprodukte, die f\u00fcr die Gesundheit sch\u00e4dlich sind. Infolgedessen gilt der Mythos nicht mehr, der die Samen\u00f6le als leichte \u00d6le, geeignet f\u00fcrs Braten, bezeichnet hat.[\/vc_column_text][\/vc_column][\/vc_row]<\/p>\n","protected":false},"excerpt":{"rendered":"<p>[vc_section content_layout=&#8220;full&#8220; animation_delay=&#8220;&#8220; disable=&#8220;&#8220; id=&#8220;&#8220; class=&#8220;&#8220; bg_type=&#8220;image&#8220; bg_image=&#8220;&#8220; color_overlay=&#8220;&#8220; enable_parallax=&#8220;&#8220; enable_pattern=&#8220;&#8220; css=&#8220;.vc_custom_1565250414392{padding-top: 32px !important;padding-bottom: 32px !important;}&#8220;][vc_row content_layout=&#8220;boxed&#8220; equal_height=&#8220;&#8220; animation_delay=&#8220;&#8220; disable=&#8220;&#8220; id=&#8220;&#8220; class=&#8220;&#8220; bg_type=&#8220;image&#8220; bg_image=&#8220;&#8220; color_overlay=&#8220;&#8220; enable_parallax=&#8220;&#8220; enable_pattern=&#8220;&#8220;][vc_column layout=&#8220;normal&#8220; vertical_align=&#8220;auto&#8220; animation_delay=&#8220;&#8220;][vc_column_text css=&#8220;.vc_custom_1572854337824{margin-bottom: 0px !important;}&#8220;] Oliven\u00f6l CRETAN MYRON [\/vc_column_text][vc_column_text] Merkmale der kretischen Ern\u00e4hrung [\/vc_column_text][\/vc_column][vc_column layout=&#8220;normal&#8220; vertical_align=&#8220;auto&#8220; animation_delay=&#8220;&#8220; offset=&#8220;vc_col-lg-5&#8243;][vc_single_image image=&#8220;4259&#8243; img_size=&#8220;full&#8220; alignment=&#8220;center&#8220; css=&#8220;.vc_custom_1565340029240{margin-bottom: 10px !important;}&#8220;][\/vc_column][vc_column layout=&#8220;normal&#8220; vertical_align=&#8220;auto&#8220; animation_delay=&#8220;&#8220; [&hellip;]<\/p>\n","protected":false},"author":4,"featured_media":0,"parent":0,"menu_order":0,"comment_status":"closed","ping_status":"closed","template":"","meta":[],"_links":{"self":[{"href":"https:\/\/cretanmyron.gr\/de\/wp-json\/wp\/v2\/pages\/4359"}],"collection":[{"href":"https:\/\/cretanmyron.gr\/de\/wp-json\/wp\/v2\/pages"}],"about":[{"href":"https:\/\/cretanmyron.gr\/de\/wp-json\/wp\/v2\/types\/page"}],"author":[{"embeddable":true,"href":"https:\/\/cretanmyron.gr\/de\/wp-json\/wp\/v2\/users\/4"}],"replies":[{"embeddable":true,"href":"https:\/\/cretanmyron.gr\/de\/wp-json\/wp\/v2\/comments?post=4359"}],"version-history":[{"count":0,"href":"https:\/\/cretanmyron.gr\/de\/wp-json\/wp\/v2\/pages\/4359\/revisions"}],"wp:attachment":[{"href":"https:\/\/cretanmyron.gr\/de\/wp-json\/wp\/v2\/media?parent=4359"}],"curies":[{"name":"wp","href":"https:\/\/api.w.org\/{rel}","templated":true}]}}