{"id":4353,"date":"2017-11-01T14:44:39","date_gmt":"2017-11-01T14:44:39","guid":{"rendered":"https:\/\/www.cretanmyron.gr\/epikoinonia\/"},"modified":"2026-02-19T16:08:47","modified_gmt":"2026-02-19T14:08:47","slug":"kontaktangaben","status":"publish","type":"page","link":"https:\/\/cretanmyron.gr\/de\/kontaktangaben\/","title":{"rendered":"KONTAKTANGABEN"},"content":{"rendered":"<p>[vc_section content_layout=&#8220;full&#8220; animation_delay=&#8220;&#8220; disable=&#8220;&#8220; id=&#8220;&#8220; class=&#8220;&#8220; bg_type=&#8220;image&#8220; bg_image=&#8220;&#8220; color_overlay=&#8220;&#8220; enable_parallax=&#8220;&#8220; enable_pattern=&#8220;&#8220; css=&#8220;.vc_custom_1565333667989{padding-top: 32px !important;padding-bottom: 50px !important;}&#8220;][vc_row content_layout=&#8220;boxed&#8220; equal_height=&#8220;&#8220; animation_delay=&#8220;&#8220; disable=&#8220;&#8220; id=&#8220;&#8220; class=&#8220;&#8220; bg_type=&#8220;image&#8220; bg_image=&#8220;&#8220; color_overlay=&#8220;&#8220; enable_parallax=&#8220;&#8220; enable_pattern=&#8220;&#8220;][vc_column layout=&#8220;normal&#8220; vertical_align=&#8220;auto&#8220; animation_delay=&#8220;&#8220; offset=&#8220;vc_col-lg-7&#8243;][vc_column_text el_class=&#8220;m-b-25&#8243;]<\/p>\n<h3>KONTAKTFORMULAR<\/h3>\n<p>[\/vc_column_text]\t\t<div class=\"vu_contact-form-7 vu_cf7-style-default vu_cf7-hide-valid-msgs clearfix \">\r\n\t\t\t\r\n\t\t\t<div role=\"form\" class=\"wpcf7\" id=\"wpcf7-f4634-o1\" lang=\"de\" dir=\"ltr\">\n<div class=\"screen-reader-response\" aria-live=\"polite\"><\/div>\n<form action=\"\/de\/wp-json\/wp\/v2\/pages\/4353#wpcf7-f4634-o1\" method=\"post\" class=\"wpcf7-form vu_cf7-frm\" novalidate=\"novalidate\">\n<div style=\"display: none;\">\n<input type=\"hidden\" name=\"_wpcf7\" value=\"4634\" \/>\n<input type=\"hidden\" name=\"_wpcf7_version\" value=\"5.1.9\" \/>\n<input type=\"hidden\" name=\"_wpcf7_locale\" value=\"de\" \/>\n<input type=\"hidden\" name=\"_wpcf7_unit_tag\" value=\"wpcf7-f4634-o1\" \/>\n<input type=\"hidden\" name=\"_wpcf7_container_post\" value=\"0\" \/>\n<\/div>\n<p><span class=\"wpcf7-form-control-wrap your-name\"><input type=\"text\" name=\"your-name\" value=\"\" size=\"40\" class=\"wpcf7-form-control wpcf7-text wpcf7-validates-as-required\" aria-required=\"true\" aria-invalid=\"false\" placeholder=\"Vor- und Nachname\" \/><\/span><\/p>\n<p><span class=\"wpcf7-form-control-wrap your-email\"><input type=\"email\" name=\"your-email\" value=\"\" size=\"40\" class=\"wpcf7-form-control wpcf7-text wpcf7-email wpcf7-validates-as-required wpcf7-validates-as-email\" aria-required=\"true\" aria-invalid=\"false\" placeholder=\"Email\" \/><\/span><\/p>\n<p><span class=\"wpcf7-form-control-wrap your-subject\"><input type=\"text\" name=\"your-subject\" value=\"\" size=\"40\" class=\"wpcf7-form-control wpcf7-text\" aria-invalid=\"false\" placeholder=\"Betreff\" \/><\/span><\/p>\n<p><span class=\"wpcf7-form-control-wrap your-message\"><textarea name=\"your-message\" cols=\"40\" rows=\"10\" class=\"wpcf7-form-control wpcf7-textarea\" aria-invalid=\"false\" placeholder=\"Nachricht\"><\/textarea><\/span><br \/>\n<span class=\"wpcf7-form-control-wrap acceptance-752\"><span class=\"wpcf7-form-control wpcf7-acceptance\"><span class=\"wpcf7-list-item\"><label><input type=\"checkbox\" name=\"acceptance-752\" value=\"1\" aria-invalid=\"false\" \/><span class=\"wpcf7-list-item-label\"><a href=\"\/politiki-aporritoy-kai-cookies\/\">Ich habe die Datenschutzerkl\u00e4rung gelesen<\/a><\/span><\/label><\/span><\/span><\/span><\/p>\n<p><input type=\"submit\" value=\"Senden\" class=\"wpcf7-form-control wpcf7-submit\" \/><\/p>\n<input type='hidden' class='wpcf7-pum' value='{\"closepopup\":false,\"closedelay\":0,\"openpopup\":false,\"openpopup_id\":0}' \/><div class=\"inv-recaptcha-holder\"><\/div><div class=\"wpcf7-response-output wpcf7-display-none\" aria-hidden=\"true\"><\/div><\/form><\/div>\t\t<\/div>\r\n\t[\/vc_column][vc_column layout=&#8220;normal&#8220; vertical_align=&#8220;auto&#8220; animation_delay=&#8220;&#8220; offset=&#8220;vc_col-lg-5&#8243;][vc_column_text el_class=&#8220;m-b-20&#8243;]<\/p>\n<h3>KONTAKTANGABEN<\/h3>\n<p>[\/vc_column_text][vc_column_text css=&#8220;.vc_custom_1572856657902{margin-bottom: 30px !important;}&#8220;]<\/p>\n<h5>CRETAN MYRON<\/h5>\n<p>OLIVEN\u00d6L EXTRA, AUS KRETA!<br \/>\nVielen Dank f\u00fcr Ihren Besuch auf unserer Seite.<br \/>\nF\u00fcr weitere Informationen oder Fragen zum Oliven\u00f6l extra CRETAN MYRON stehen wir Ihnen gerne zur Verf\u00fcgung.[\/vc_column_text][vc_column_text css=&#8220;.vc_custom_1572856673023{margin-bottom: 27px !important;}&#8220;]<\/p>\n<p class=\"has-icon\"><i class=\"fa fa-location-arrow\"><\/i>Avgeniki Maleviziou, PLZ 700 11, Heraklion Kreta, Griechenland<\/p>\n<p class=\"has-icon\"><i class=\"fa fa-phone\"><\/i><a href=\"tel:+302810792040\">0030 2810 792 040<\/a><\/p>\n<p class=\"has-icon\"><i class=\"fa fa-envelope\"><\/i> <a href=\"mailto:info@cretanmyron.gr\">info@cretanmyron.gr<\/a><\/p>\n<p class=\"has-icon\"><i class=\"fa fa-envelope\"><\/i> <a href=\"mailto:sales@cretanmyron.gr\">sales@cretanmyron.gr<\/a><\/p>\n<p>[\/vc_column_text]\t\t<div class=\"vu_social-networks vu_sn-size-medium vu_sn-alignment-left vu_custom_4204080 vc_custom_1618912157101\">\n\t\t\t\t\t\t\t\t\t<style scoped>\n\t\t\t\t\t\t\t\t\t\t\t\t\t\t\t\t\t\t\t\t\t.vu_social-networks.vu_custom_4204080 .vu_social-icon a { color: #ffffff !important; }\n\t\t\t\t\t\t\t\t\t\t\t\t\t\t\t\t\t\t\t\t\t\t.vu_social-networks.vu_custom_4204080 .vu_social-icon a { background-color: #336633 !important; }\n\t\t\t\t\t\t\t\t\t\t\t\t\t\t\t\t\t\t\t\t\t\t\t\t\t\t\t\t\t\t\t\t\t\t.vu_social-networks.vu_custom_4204080 .vu_social-icon a:hover { color: #ffffff !important; }\n\t\t\t\t\t\t\t\t\t\t\t\t\t\t\t\t\t\t\t\t\t\t.vu_social-networks.vu_custom_4204080 .vu_social-icon a:hover { background-color: #86b932 !important; }\n\t\t\t\t\t\t\t\t\t\t\t\t\t\t\t\t\t\t<\/style>\n\t\t\t\t\t\t\t<div class=\"vu_sn-container\">\n\t\t\t\t<div class=\"vu_social-icon\"><a href=\"https:\/\/www.facebook.com\/cretanmyron1\" target=\"_blank\"><i class=\"fa fa-facebook\"><\/i><\/a><\/div>\t\t\t<\/div>\n\t\t<\/div>\n\t[\/vc_column][\/vc_row][\/vc_section][vc_section content_layout=&#8220;full&#8220; animation_delay=&#8220;&#8220; disable=&#8220;&#8220; id=&#8220;&#8220; class=&#8220;&#8220; bg_type=&#8220;image&#8220; bg_image=&#8220;&#8220; color_overlay=&#8220;&#8220; enable_parallax=&#8220;&#8220; enable_pattern=&#8220;&#8220; css=&#8220;.vc_custom_1679506801065{margin-bottom: -40px !important;}&#8220;][vc_row content_layout=&#8220;full&#8220; equal_height=&#8220;&#8220; animation_delay=&#8220;&#8220; disable=&#8220;true&#8220; id=&#8220;&#8220; class=&#8220;&#8220; bg_type=&#8220;image&#8220; bg_image=&#8220;&#8220; color_overlay=&#8220;&#8220; enable_parallax=&#8220;&#8220; enable_pattern=&#8220;&#8220;][vc_column layout=&#8220;normal&#8220; vertical_align=&#8220;auto&#8220; animation_delay=&#8220;&#8220;]<div class=\"vu_map vu_m-fullwith\" data-options=\"{&quot;zoom_level&quot;:&quot;12&quot;,&quot;center_lat&quot;:&quot;35.187750&quot;,&quot;center_lng&quot;:&quot;25.032028&quot;,&quot;map_type&quot;:&quot;roadmap&quot;,&quot;tilt_45&quot;:&quot;&quot;,&quot;others_options&quot;:{&quot;draggable&quot;:&quot;1&quot;,&quot;zoomControl&quot;:&quot;1&quot;,&quot;disableDoubleClickZoom&quot;:&quot;&quot;,&quot;panControl&quot;:&quot;1&quot;,&quot;fullscreenControl&quot;:&quot;1&quot;,&quot;mapTypeControl&quot;:&quot;1&quot;,&quot;scaleControl&quot;:&quot;&quot;,&quot;streetViewControl&quot;:&quot;1&quot;},&quot;use_custom_marker&quot;:&quot;1&quot;,&quot;custom_marker&quot;:&quot;https:\\\/\\\/cretanmyron.gr\\\/wp-content\\\/uploads\\\/2019\\\/08\\\/marker-cretan-myron.png&quot;,&quot;enable_animation&quot;:&quot;&quot;,&quot;locations&quot;:[{&quot;lat&quot;:&quot;35.188833&quot;,&quot;lng&quot;:&quot;25.029083&quot;,&quot;info&quot;:&quot;&quot;,&quot;marker_id&quot;:&quot;3242&quot;,&quot;marker_url&quot;:&quot;https:\\\/\\\/wordpress-301176-946847.cloudwaysapps.com\\\/wp-content\\\/uploads\\\/2019\\\/08\\\/marker-cretan-myron.png&quot;}],&quot;styles&quot;:&quot;&quot;}\" style=\"height:400px;\"><\/div>[\/vc_column][\/vc_row][vc_row content_layout=&#8220;full&#8220; equal_height=&#8220;&#8220; animation_delay=&#8220;&#8220; disable=&#8220;&#8220; id=&#8220;&#8220; class=&#8220;&#8220; bg_type=&#8220;image&#8220; bg_image=&#8220;&#8220; color_overlay=&#8220;&#8220; enable_parallax=&#8220;&#8220; enable_pattern=&#8220;&#8220;][vc_column layout=&#8220;normal&#8220; vertical_align=&#8220;auto&#8220; animation_delay=&#8220;&#8220;][vc_raw_html]JTNDaWZyYW1lJTIwc3JjJTNEJTIyaHR0cHMlM0ElMkYlMkZ3d3cuZ29vZ2xlLmNvbSUyRm1hcHMlMkZlbWJlZCUzRnBiJTNEJTIxMW0xNyUyMTFtMTIlMjExbTMlMjExZDMyNjAuNzUxMzI4OTU2NjUxNCUyMTJkMjUuMDI5NDUyODc1NDA4OTkyJTIxM2QzNS4xODc3NDk5NzI3NTA1OTUlMjEybTMlMjExZjAlMjEyZjAlMjEzZjAlMjEzbTIlMjExaTEwMjQlMjEyaTc2OCUyMTRmMTMuMSUyMTNtMiUyMTFtMSUyMTJ6TXpYQ3NERXhKekUxTGpraVRpQXlOY0t3TURFbk5UVXVNeUpGJTIxNWUwJTIxM20yJTIxMXNlbCUyMTJzZ3IlMjE0djE3NzE1MDkzNTQwMjElMjE1bTIlMjExc2VsJTIxMnNnciUyMiUyMGhlaWdodCUzRCUyMjQwMCUyMiUyMHN0eWxlJTNEJTIyYm9yZGVyJTNBMCUzQndpZHRoJTNBMTAwJTI1JTIyJTIwYWxsb3dmdWxsc2NyZWVuJTNEJTIyJTIyJTIwbG9hZGluZyUzRCUyMmxhenklMjIlMjByZWZlcnJlcnBvbGljeSUzRCUyMm5vLXJlZmVycmVyLXdoZW4tZG93bmdyYWRlJTIyJTNFJTNDJTJGaWZyYW1lJTNF[\/vc_raw_html][\/vc_column][\/vc_row][\/vc_section]<\/p>\n","protected":false},"excerpt":{"rendered":"<p>[vc_section content_layout=&#8220;full&#8220; animation_delay=&#8220;&#8220; disable=&#8220;&#8220; id=&#8220;&#8220; class=&#8220;&#8220; bg_type=&#8220;image&#8220; bg_image=&#8220;&#8220; color_overlay=&#8220;&#8220; enable_parallax=&#8220;&#8220; enable_pattern=&#8220;&#8220; css=&#8220;.vc_custom_1565333667989{padding-top: 32px !important;padding-bottom: 50px !important;}&#8220;][vc_row content_layout=&#8220;boxed&#8220; equal_height=&#8220;&#8220; animation_delay=&#8220;&#8220; disable=&#8220;&#8220; id=&#8220;&#8220; class=&#8220;&#8220; bg_type=&#8220;image&#8220; bg_image=&#8220;&#8220; color_overlay=&#8220;&#8220; enable_parallax=&#8220;&#8220; enable_pattern=&#8220;&#8220;][vc_column layout=&#8220;normal&#8220; vertical_align=&#8220;auto&#8220; animation_delay=&#8220;&#8220; offset=&#8220;vc_col-lg-7&#8243;][vc_column_text el_class=&#8220;m-b-25&#8243;] KONTAKTFORMULAR [\/vc_column_text][\/vc_column][vc_column layout=&#8220;normal&#8220; vertical_align=&#8220;auto&#8220; animation_delay=&#8220;&#8220; offset=&#8220;vc_col-lg-5&#8243;][vc_column_text el_class=&#8220;m-b-20&#8243;] KONTAKTANGABEN [\/vc_column_text][vc_column_text css=&#8220;.vc_custom_1572856657902{margin-bottom: 30px !important;}&#8220;] CRETAN MYRON OLIVEN\u00d6L EXTRA, AUS KRETA! Vielen Dank f\u00fcr Ihren Besuch [&hellip;]<\/p>\n","protected":false},"author":4,"featured_media":0,"parent":0,"menu_order":0,"comment_status":"closed","ping_status":"closed","template":"","meta":[],"_links":{"self":[{"href":"https:\/\/cretanmyron.gr\/de\/wp-json\/wp\/v2\/pages\/4353"}],"collection":[{"href":"https:\/\/cretanmyron.gr\/de\/wp-json\/wp\/v2\/pages"}],"about":[{"href":"https:\/\/cretanmyron.gr\/de\/wp-json\/wp\/v2\/types\/page"}],"author":[{"embeddable":true,"href":"https:\/\/cretanmyron.gr\/de\/wp-json\/wp\/v2\/users\/4"}],"replies":[{"embeddable":true,"href":"https:\/\/cretanmyron.gr\/de\/wp-json\/wp\/v2\/comments?post=4353"}],"version-history":[{"count":0,"href":"https:\/\/cretanmyron.gr\/de\/wp-json\/wp\/v2\/pages\/4353\/revisions"}],"wp:attachment":[{"href":"https:\/\/cretanmyron.gr\/de\/wp-json\/wp\/v2\/media?parent=4353"}],"curies":[{"name":"wp","href":"https:\/\/api.w.org\/{rel}","templated":true}]}}