{"id":4320,"date":"2019-10-21T11:55:07","date_gmt":"2019-10-21T08:55:07","guid":{"rendered":"https:\/\/www.cretanmyron.gr\/analysi-cookies\/"},"modified":"2019-11-05T12:27:01","modified_gmt":"2019-11-05T10:27:01","slug":"cookie-analyse","status":"publish","type":"page","link":"https:\/\/cretanmyron.gr\/de\/cookie-analyse\/","title":{"rendered":"Cookie-Analyse"},"content":{"rendered":"<p>[vc_row content_layout=&#8220;boxed&#8220; equal_height=&#8220;&#8220; animation_delay=&#8220;&#8220; disable=&#8220;&#8220; id=&#8220;&#8220; class=&#8220;&#8220; bg_type=&#8220;image&#8220; bg_image=&#8220;&#8220; color_overlay=&#8220;&#8220; enable_parallax=&#8220;&#8220; enable_pattern=&#8220;&#8220;][vc_column layout=&#8220;normal&#8220; vertical_align=&#8220;auto&#8220; animation_delay=&#8220;&#8220;][vc_column_text]<strong>KATEGORIE<\/strong><strong> 1: Cookies <\/strong><strong>statistischer<\/strong> <strong>Analyse<\/strong><\/p>\n<p>Die Cookies statistischer Analyse helfen den Webseite-Eigent\u00fcmern zu verstehen, wie die Besucher mit der Webseite interagieren, indem sie anonyme Informationen sammeln und senden<\/p>\n<p>&nbsp;<\/p>\n<p>&nbsp;<\/p>\n<p><strong>COOKIE-NAME\u00a0 \u00a0\u00a0\u00a0\u00a0\u00a0\u00a0\u00a0\u00a0 ANBIETER\u00a0\u00a0\u00a0\u00a0\u00a0\u00a0\u00a0\u00a0\u00a0 \u00a0\u00a0\u00a0\u00a0\u00a0\u00a0\u00a0\u00a0\u00a0\u00a0 TYP\u00a0\u00a0\u00a0\u00a0\u00a0\u00a0\u00a0\u00a0\u00a0\u00a0\u00a0\u00a0\u00a0\u00a0\u00a0 \u00a0\u00a0\u00a0 DAUER\u00a0\u00a0\u00a0\u00a0\u00a0\u00a0 <\/strong><\/p>\n<p><strong>_ga\u00a0\u00a0\u00a0\u00a0 \u00a0\u00a0\u00a0\u00a0\u00a0\u00a0\u00a0\u00a0\u00a0\u00a0\u00a0\u00a0\u00a0\u00a0\u00a0\u00a0\u00a0\u00a0\u00a0\u00a0\u00a0\u00a0\u00a0\u00a0\u00a0\u00a0 cretanmyron.gr\u00a0\u00a0\u00a0\u00a0\u00a0\u00a0\u00a0\u00a0 \u00a0 HTTP\u00a0\u00a0\u00a0\u00a0\u00a0\u00a0\u00a0\u00a0\u00a0\u00a0\u00a0\u00a0\u00a0\u00a0\u00a0\u00a0\u00a0 2 Jahre<\/strong><\/p>\n<p><strong>\u00a0<\/strong><\/p>\n<p>Cookie-Verwendungszweck: Es erhebt eine einzige ID, die zur Erfassung statistischer Daten \u00fcber die Verwendung der Webseite vom Besucher dient<\/p>\n<p>Quelle: https:\/\/www.google-analytics.com\/analytics.js<\/p>\n<p>Datenversand: Deutschland (ausreichend)<\/p>\n<p>&nbsp;<\/p>\n<p>&nbsp;<\/p>\n<p><strong>_<\/strong><strong>gat<\/strong><strong>\u00a0\u00a0\u00a0\u00a0\u00a0\u00a0\u00a0\u00a0\u00a0\u00a0\u00a0\u00a0\u00a0\u00a0 \u00a0\u00a0 \u00a0\u00a0\u00a0\u00a0\u00a0\u00a0\u00a0\u00a0\u00a0\u00a0\u00a0\u00a0 <\/strong><strong>cretanmyron<\/strong><strong>.<\/strong><strong>gr<\/strong><strong>\u00a0\u00a0\u00a0\u00a0\u00a0\u00a0\u00a0 \u00a0\u00a0 <\/strong><strong>HTTP<\/strong><strong>\u00a0\u00a0\u00a0\u00a0\u00a0\u00a0\u00a0\u00a0\u00a0\u00a0\u00a0\u00a0\u00a0\u00a0\u00a0\u00a0\u00a0 1 <\/strong><strong>Tag<\/strong><\/p>\n<p>&nbsp;<\/p>\n<p>Cookie-Verwendungszweck: Wird von Google Analytics verwendet, um den Rhythmus der Forderungseinbringung zu \u00fcberwachen.<\/p>\n<p>Quelle:\u00a0 https:\/\/www.google-analytics.com\/analytics.js<\/p>\n<p>Datenversand: Deutschland (ausreichend)<\/p>\n<p>&nbsp;<\/p>\n<p>&nbsp;<\/p>\n<p><strong>_gid\u00a0\u00a0\u00a0\u00a0\u00a0\u00a0\u00a0\u00a0\u00a0\u00a0\u00a0\u00a0\u00a0\u00a0\u00a0\u00a0\u00a0\u00a0\u00a0\u00a0\u00a0\u00a0\u00a0\u00a0\u00a0\u00a0\u00a0\u00a0\u00a0\u00a0\u00a0 cretanmyron.gr\u00a0\u00a0\u00a0\u00a0\u00a0\u00a0\u00a0\u00a0\u00a0\u00a0\u00a0\u00a0\u00a0\u00a0\u00a0 HTTP\u00a0\u00a0\u00a0\u00a0\u00a0\u00a0\u00a0\u00a0\u00a0\u00a0\u00a0\u00a0\u00a0\u00a0\u00a0\u00a0\u00a0 1 Tag<\/strong><\/p>\n<p>&nbsp;<\/p>\n<p>Cookie-Verwendungszweck: Es tr\u00e4gt eine einzige ID ein, die zur Erfassung statistischer Daten \u00fcber die Verwendung der Webseite vom Besucher dient.<\/p>\n<p>Quelle: https:\/\/www.google-analytics.com\/analytics.js<\/p>\n<p>Datenversand: Deutschland (ausreichend)<\/p>\n<p>&nbsp;<\/p>\n<p>&nbsp;<\/p>\n<p><strong>collect\u00a0\u00a0\u00a0\u00a0\u00a0\u00a0\u00a0\u00a0\u00a0\u00a0\u00a0\u00a0\u00a0\u00a0\u00a0\u00a0\u00a0\u00a0\u00a0\u00a0\u00a0\u00a0 google-analytics.com\u00a0\u00a0\u00a0\u00a0\u00a0\u00a0\u00a0\u00a0\u00a0 Pixel\u00a0\u00a0\u00a0\u00a0\u00a0\u00a0\u00a0\u00a0\u00a0\u00a0\u00a0\u00a0\u00a0\u00a0\u00a0\u00a0\u00a0 Session<\/strong><\/p>\n<p>Cookie-Verwendungszweck: Wird f\u00fcr den Datenversand an Google Analytics bez\u00fcglich des Ger\u00e4tes und des Verhaltens des Benutzers verwendet. Es erfasst den Besucher auf Ger\u00e4ten und Einkaufskan\u00e4len.<\/p>\n<p>Quelle: https:\/\/www.google-analytics.com\/analytics.js<\/p>\n<p>Datenversand: Holland (ausreichend)<\/p>\n<p>&nbsp;<\/p>\n<p>&nbsp;<\/p>\n<p><strong>tk_ai\u00a0\u00a0\u00a0\u00a0\u00a0\u00a0\u00a0\u00a0\u00a0\u00a0\u00a0\u00a0\u00a0\u00a0\u00a0\u00a0\u00a0\u00a0\u00a0\u00a0\u00a0\u00a0\u00a0\u00a0\u00a0 cretanmyron.gr\u00a0\u00a0\u00a0\u00a0\u00a0\u00a0\u00a0\u00a0\u00a0\u00a0\u00a0\u00a0\u00a0\u00a0\u00a0\u00a0\u00a0\u00a0 HTTP\u00a0\u00a0\u00a0\u00a0\u00a0\u00a0\u00a0\u00a0\u00a0\u00a0\u00a0\u00a0\u00a0\u00a0\u00a0\u00a0\u00a0\u00a0\u00a0 Session<\/strong><\/p>\n<p>&nbsp;<\/p>\n<p>Cookie-Verwendungszweck: Es gibt Daten \u00fcber das Verhalten der Besucher auf der Webseite an. Wird f\u00fcr interne Analyse und Optimierung der Webseite verwendet.<\/p>\n<p>Quelle: https:\/\/www.cretanmyron.gr\/<\/p>\n<p>Datenversand: Deutschland (ausreichend)<\/p>\n<p>&nbsp;<\/p>\n<p><strong><u>KATEGORIE 2: Erforderliche Cookies<\/u><\/strong><\/p>\n<p>Die erforderlichen Cookies sind f\u00fcr den richtigen Betrieb der Seite sowie f\u00fcr die Erf\u00fcllung des Zwecks erforderlich, zu dem der Benutzer die Seite besucht hat (z.B. Auskunft). Sie gew\u00e4hrleisten die Hauptfunktionen der Seite, wie z.B. das Browsen und den Zugang zu sicheren Zonen der Webseite.<\/p>\n<p>&nbsp;<\/p>\n<p>&nbsp;<\/p>\n<p><strong>COOKIE<\/strong><strong>&#8211;<\/strong><strong>NAME<\/strong><strong>\u00a0 \u00a0\u00a0\u00a0\u00a0\u00a0\u00a0\u00a0\u00a0 <\/strong><strong>ANBIETER<\/strong><strong>\u00a0\u00a0\u00a0\u00a0\u00a0\u00a0\u00a0\u00a0\u00a0 \u00a0\u00a0\u00a0\u00a0\u00a0\u00a0\u00a0\u00a0\u00a0\u00a0 <\/strong><strong>TYP<\/strong><strong>\u00a0\u00a0\u00a0\u00a0\u00a0\u00a0\u00a0\u00a0\u00a0\u00a0\u00a0\u00a0\u00a0\u00a0\u00a0 \u00a0\u00a0\u00a0 <\/strong><strong>DAUER<\/strong><\/p>\n<p><strong>wc_cart_hash_\u00a0\u00a0\u00a0\u00a0\u00a0\u00a0\u00a0\u00a0 \u00a0\u00a0 #cretanmyron.gr\u00a0\u00a0\u00a0\u00a0\u00a0\u00a0 \u00a0 HTML\u00a0\u00a0\u00a0\u00a0\u00a0\u00a0\u00a0\u00a0\u00a0\u00a0\u00a0\u00a0 \u00a0\u00a0 Permanent\u00a0 <\/strong><\/p>\n<p><strong>\u00a0<\/strong><\/p>\n<p>URL: https:\/\/www.cretanmyron.gr\/<\/p>\n<p>Cookie-Verwendungszweck: Nicht klassifizierter Starter: Webserver<\/p>\n<p>Quelle: cretanmyron.gr<\/p>\n<p>Datenversand: Deutschland (ausreichend)<\/p>\n<p>&nbsp;<\/p>\n<p>&nbsp;<\/p>\n<p><strong>wc_fragments_\u00a0\u00a0\u00a0\u00a0\u00a0\u00a0\u00a0\u00a0\u00a0\u00a0\u00a0\u00a0\u00a0 #cretanmyron.gr\u00a0\u00a0\u00a0\u00a0\u00a0\u00a0\u00a0\u00a0\u00a0\u00a0\u00a0\u00a0\u00a0\u00a0\u00a0\u00a0\u00a0\u00a0\u00a0 HTML\u00a0\u00a0\u00a0\u00a0\u00a0\u00a0\u00a0\u00a0\u00a0\u00a0\u00a0\u00a0\u00a0\u00a0\u00a0\u00a0 Session<\/strong><\/p>\n<p>&nbsp;<\/p>\n<p>URL: https:\/\/www.cretanmyron.gr\/<\/p>\n<p>Cookie-Verwendungszweck: Nicht klassifizierter Starter<\/p>\n<p>Quelle: cretanmyron.gr<\/p>\n<p>Datenversand: Deutschland (ausreichend)<\/p>\n<p>&nbsp;<\/p>\n<p>&nbsp;<\/p>\n<p>&nbsp;<\/p>\n<p>&nbsp;<\/p>\n<p>[\/vc_column_text][\/vc_column][\/vc_row]<\/p>\n","protected":false},"excerpt":{"rendered":"<p>[vc_row content_layout=&#8220;boxed&#8220; equal_height=&#8220;&#8220; animation_delay=&#8220;&#8220; disable=&#8220;&#8220; id=&#8220;&#8220; class=&#8220;&#8220; bg_type=&#8220;image&#8220; bg_image=&#8220;&#8220; color_overlay=&#8220;&#8220; enable_parallax=&#8220;&#8220; enable_pattern=&#8220;&#8220;][vc_column layout=&#8220;normal&#8220; vertical_align=&#8220;auto&#8220; animation_delay=&#8220;&#8220;][vc_column_text]KATEGORIE 1: Cookies statistischer Analyse Die Cookies statistischer Analyse helfen den Webseite-Eigent\u00fcmern zu verstehen, wie die Besucher mit der Webseite interagieren, indem sie anonyme Informationen sammeln und senden &nbsp; &nbsp; COOKIE-NAME\u00a0 \u00a0\u00a0\u00a0\u00a0\u00a0\u00a0\u00a0\u00a0 ANBIETER\u00a0\u00a0\u00a0\u00a0\u00a0\u00a0\u00a0\u00a0\u00a0 \u00a0\u00a0\u00a0\u00a0\u00a0\u00a0\u00a0\u00a0\u00a0\u00a0 TYP\u00a0\u00a0\u00a0\u00a0\u00a0\u00a0\u00a0\u00a0\u00a0\u00a0\u00a0\u00a0\u00a0\u00a0\u00a0 \u00a0\u00a0\u00a0 DAUER\u00a0\u00a0\u00a0\u00a0\u00a0\u00a0 _ga\u00a0\u00a0\u00a0\u00a0 \u00a0\u00a0\u00a0\u00a0\u00a0\u00a0\u00a0\u00a0\u00a0\u00a0\u00a0\u00a0\u00a0\u00a0\u00a0\u00a0\u00a0\u00a0\u00a0\u00a0\u00a0\u00a0\u00a0\u00a0\u00a0\u00a0 cretanmyron.gr\u00a0\u00a0\u00a0\u00a0\u00a0\u00a0\u00a0\u00a0 \u00a0 [&hellip;]<\/p>\n","protected":false},"author":4,"featured_media":0,"parent":0,"menu_order":0,"comment_status":"closed","ping_status":"closed","template":"","meta":[],"_links":{"self":[{"href":"https:\/\/cretanmyron.gr\/de\/wp-json\/wp\/v2\/pages\/4320"}],"collection":[{"href":"https:\/\/cretanmyron.gr\/de\/wp-json\/wp\/v2\/pages"}],"about":[{"href":"https:\/\/cretanmyron.gr\/de\/wp-json\/wp\/v2\/types\/page"}],"author":[{"embeddable":true,"href":"https:\/\/cretanmyron.gr\/de\/wp-json\/wp\/v2\/users\/4"}],"replies":[{"embeddable":true,"href":"https:\/\/cretanmyron.gr\/de\/wp-json\/wp\/v2\/comments?post=4320"}],"version-history":[{"count":0,"href":"https:\/\/cretanmyron.gr\/de\/wp-json\/wp\/v2\/pages\/4320\/revisions"}],"wp:attachment":[{"href":"https:\/\/cretanmyron.gr\/de\/wp-json\/wp\/v2\/media?parent=4320"}],"curies":[{"name":"wp","href":"https:\/\/api.w.org\/{rel}","templated":true}]}}