{"id":4312,"date":"2019-10-21T11:35:19","date_gmt":"2019-10-21T08:35:19","guid":{"rendered":"https:\/\/www.cretanmyron.gr\/politiki-aporritoy-kai-cookies\/"},"modified":"2019-11-05T12:24:30","modified_gmt":"2019-11-05T10:24:30","slug":"datenschutzerklaerung-und-cookies","status":"publish","type":"page","link":"https:\/\/cretanmyron.gr\/de\/datenschutzerklaerung-und-cookies\/","title":{"rendered":"Datenschutzerkl\u00e4rung und Cookies"},"content":{"rendered":"<p>[vc_row content_layout=&#8220;boxed&#8220; equal_height=&#8220;&#8220; animation_delay=&#8220;&#8220; disable=&#8220;&#8220; id=&#8220;&#8220; class=&#8220;&#8220; bg_type=&#8220;image&#8220; bg_image=&#8220;&#8220; color_overlay=&#8220;&#8220; enable_parallax=&#8220;&#8220; enable_pattern=&#8220;&#8220;][vc_column layout=&#8220;normal&#8220; vertical_align=&#8220;auto&#8220; animation_delay=&#8220;&#8220;][vc_column_text]<strong>PERSONENBEZOGENE DATEN<\/strong><\/p>\n<p>Einleitung<\/p>\n<p>&nbsp;<\/p>\n<p>Verantwortlicher f\u00fcr die Verarbeitung Ihrer personenbezogenen Daten ist das Unternehmen PREVELIANAKIS ANGELOS Ein-Personen-GmbH \u2013 CRETAN MYRON, mit Sitz in Avgeniki Maleviziou, PLZ 700 11, Heraklion, Kreta, Griechenland, Tel. +30 2810 792040, E-Mail: info@cretanmyron.gr,\u00a0 Steuer-Id.Nr.:\u00a0 998865342.<\/p>\n<p>Unser Unternehmen ist auf die Standardisierung von nativem Oliven\u00f6l extra spezialisiert und deswegen besch\u00e4ftigt es sich mit Auslese, Standardisierung und Handel von \u2013 garantiert \u2013 nur nativem Oliven\u00f6l extra von ausgezeichneter Qualit\u00e4t aus den ber\u00fchmtesten Gebieten Kretas, immer in Zusammenarbeit mit von Agrocert ausgew\u00e4hlten und zertifizierten \u00d6lm\u00fchlen. Wir kooperieren mit Produzenten, \u00d6lm\u00fchlen, Forschern und Experten aus den ber\u00fchmtesten und preisgekr\u00f6ntesten Gebieten ganz Kretas. Die Hauptgebiete sind: Sitia, Peza, Viannos und Kolymvari. Wir wollen sicherstellen, dass nur das allerbeste Oliven\u00f6l Kretas f\u00fcr MYRON ausgew\u00e4hlt wird. Bei unseren t\u00e4glichen Aktivit\u00e4ten verarbeiten wir Daten, die sich auf nat\u00fcrliche Personen beziehen, unter anderem:<\/p>\n<p>-Kunden<\/p>\n<p>-Besucher unserer Webseite<\/p>\n<p>-Weitere Interessenten (Angestellten, Lieferanten)<\/p>\n<p>Unser Unternehmen steht immer in Einklang mit der Datenschutz-Grundverordnung (2016\/679 E.U. DSGVO) sowie mit allen anderen europ\u00e4ischen und griechischen Vorschriften, die sich auf den Datenschutz, die Sicherheit bei den elektronischen Kommunikationen usw. beziehen, und verpflichtet sich, den Schutz Ihrer personenbezogenen Daten jederzeit sicherzustellen:<\/p>\n<p>-Die Daten werden f\u00fcr bestimmte, klare und gesetzm\u00e4\u00dfige Zwecke erhoben und werden nicht so weiterverarbeitet, dass es mit diesen Zwecken unvereinbar ist.<\/p>\n<p>-Wir erfassen die f\u00fcr jeden Verarbeitungszweck erforderlichen personenbezogenen Daten und verarbeiten sie gesetz- und rechtm\u00e4\u00dfig und auf transparente Weise gegen\u00fcber den jeweils betroffenen Personen.<\/p>\n<p>-Wir sorgen daf\u00fcr, dass die Daten so pr\u00e4zise und aktuell wie m\u00f6glich sind, und wir speichern sie nur w\u00e4hrend des Zeitraums, der f\u00fcr die verarbeitungsorientierten Zwecke erforderlich ist.<\/p>\n<p>-Das Kriterium, nach dem wir den Speicherzeitraum festlegen, basiert auf und ber\u00fccksichtigt geb\u00fchrend die Notwendigkeit der Einhaltung jeder damit verbundenen gesetzlichen Anforderung sowie das Prinzip der Datenminimierung.<\/p>\n<p>-Wir verarbeiten die Daten sowohl manuell als auch elektronisch und wir treffen alle zum Datenschutz geeigneten Ma\u00dfnahmen \u2013 einschlie\u00dflich des Schutzes vor unbefugter oder illegaler Verarbeitung sowie zuf\u00e4lligem Verlust, Zerst\u00f6rung oder Besch\u00e4digung \u2013 durch die geeigneten technischen oder organisatorischen Vorkehrungen.<\/p>\n<p>&nbsp;<\/p>\n<p><strong>Erhebung, Zweck, Rechtsgrundlage der Verarbeitung und Speicherzeitraum ihrer Daten<\/strong><\/p>\n<p>&nbsp;<\/p>\n<p>1.Daten, die wir durch unsere Webseite automatisch erheben<\/p>\n<p>Die Webseite www.cretanmyron.gr verwendet das SSL-Protokoll (Secure Sockets Layer), das Verschl\u00fcsselungsmethoden bez\u00fcglich den zwischen zwei Ger\u00e4ten (meistens PCs) ausgetauschten Daten benutzt, und somit eine sichere Internet-Verbindung zwischen ihnen bildet und den Schutz Ihrer personenbezogenen Daten sicherstellt.<\/p>\n<p>Wenn Sie unsere Webseite besuchen, sammelt unser Webserver die sogenannten Logdateien (log files), und zwar:<\/p>\n<p>&#8211; Datum und Uhrzeit Ihres Besuchs auf unserer Webseite.<\/p>\n<p>&#8211; Die in bytes \u00fcbermittelte Datenmenge.<\/p>\n<p>&#8211; Browser und Betriebssystem.<\/p>\n<p>&#8211; Ihre IP-Adresse zur Zeit Ihres Besuchs auf unserer Webseite. Die IP-Adresse sowie das Datum und die Uhrzeit Ihres Besuches sind personenbezogene Daten, wir k\u00f6nnen Sie jedoch nur durch diese Daten nicht orten.<\/p>\n<p>Die Rechtsgrundlage der Sammlung und Speicherung Ihrer IP-Adresse in speziellen Dateien (Logdateien) ist unser berechtigtes Interesse f\u00fcr die Verarbeitung dieser Daten, um den Netz-, Informations- und Dienstleistungsschutz vor zuf\u00e4lligen Ereignissen oder illegalen bzw. b\u00f6swilligen Handlungen sicherzustellen, die mit der Verf\u00fcgbarkeit, Authentizit\u00e4t, Integrit\u00e4t und Vertraulichkeit der \u00fcbermittelten Daten verbunden sind (z.B. DDoS-Angriffe \u201eVerweigerung des Dienstes\u201c), sowie unsere rechtliche Verpflichtung, eine sicherere Umgebung f\u00fcr die Verarbeitung Ihrer personenbezogenen Daten anzubieten (DSGVO Artikel 6 Abs. 1 Buchstabe f und c). Die Daten werden weder \u00fcbertragen noch auf irgendeine andere Weise benutzt werden. Wir behalten uns jedoch das Recht vor, die Webserver-Logdateien zu kontrollieren, falls sich bestimmte Hinweise auf unbefugtes Benutzen ergeben.<\/p>\n<p>&nbsp;<\/p>\n<p>2.Kundendaten<\/p>\n<p>Wenn Sie unser Unternehmen besuchen, k\u00f6nnen wir Ihre personenbezogenen Daten, wie z.B. Vor- und Nachname, Telefonnummer, E-Mail-Adresse und ggf. auch weitere Kontaktangaben sammeln.<\/p>\n<p>Zweck der Verarbeitung Ihrer Daten ist der Verkauf unserer von Ihnen bestellten Produkten an Sie, und Rechtsgrundlage der Verarbeitung ist die Erf\u00fcllung des zwischen uns bestehenden Vertrags (DSGVO Artikel 6 Abs. 1b und Artikel 9 Abs. 2h). Der Speicherzeitraum Ihrer Daten ist der von der Steuergesetzgebung vorgesehene.<\/p>\n<p>&nbsp;<\/p>\n<p>3.Daten, die wir \u00fcber E-Mail oder Kontaktformular oder zum Newsletter-Versand sammeln<\/p>\n<p>Im Rahmen unserer Kommunikation \u00fcber E-Mail oder Kontaktformular unserer Webseite oder zum Newsletter-Versand, erheben wir Ihren Namen, Ihre E-Mail-Adresse und jede andere Information, die wir von Ihnen erhalten. Diese Daten werden ausschlie\u00dflich zur Erf\u00fcllung Ihrer Nachfrage gespeichert und benutzt. Die Rechtsgrundlage der Verarbeitung Ihrer personenbezogenen Daten ist Ihre Einwilligung (DSGVO, Artikel 6 Abs. 1a). Ihre Daten werden nach der Endverarbeitung unserer Kommunikation, oder wenn Sie das verlangen, gel\u00f6scht. Dies wird nach Erf\u00fcllung des Zwecks und des Anwendungsbereichs unserer Kommunikation stattfinden, sofern keine rechtlichen Anforderungen auf \u00a0Speicherung solcher Daten bestehen.<\/p>\n<p>&nbsp;<\/p>\n<p>4.Datenverarbeitung f\u00fcr Online-Shop-Eink\u00e4ufe<\/p>\n<p>Wenn Sie Produkte aus unserem Online-Shop einkaufen, werden wir Ihre Daten verarbeiten, um den Auftrag auszuf\u00fchren, und somit stellt die Rechtsgrundlage der Datenverarbeitung die Erf\u00fcllung des Vertrags gleich dar, nach Artikel 6 Abs. 1b der DSGVO. Auf jeden Fall k\u00f6nnen Sie nach Endverarbeitung des Einkaufes und Lieferung der Produkte die L\u00f6schung Ihres Kontos und Ihrer Daten verlangen, indem Sie eine Nachricht an die oben genannte Adresse des Verarbeitungsverantwortlichen senden. Ihre Daten werden dann gel\u00f6scht, ausgenommen die, deren Speicherung z.B. aus Steuer- bzw. Rechnungszwecken erforderlich ist.<\/p>\n<p>F\u00fcr die Durchf\u00fchrung des Einkaufs m\u00fcssen Sie sich im Online-Shop anmelden. Wir werden dann alle f\u00fcr die Durchf\u00fchrung Ihres Einkaufs notwendigen Daten sammeln, n\u00e4mlich Vor- und Nachnamen, vollst\u00e4ndige Rechnungs- und Lieferadresse, E-Mail-Adresse, Telefonnummer. Ggf. sammeln wir auch weitere Informationen zur Lieferung der Produkte.<\/p>\n<p>&nbsp;<\/p>\n<p>Unser Unternehmen benutzt ein System, das Karten- bzw. Kontodaten in Datenbanken nicht speichert, wenn Sie f\u00fcr Produkte bezahlen, die sie per Kredit- und Debitkarten, \u00fcber PayPal oder Bank\u00fcberweisung kaufen. Die Bezahlung per Karte erfolgt \u00fcber die sichere Zahlungsplattform von unserem Kreditinstitut-Partner bzw. von PayPal.<\/p>\n<p>&nbsp;<\/p>\n<p>5.Facebook-Seite<\/p>\n<p>Unser Unternehmen hat eine Seite auf der sozialen Netzplattform \u201eFacebook\u201c. Sie k\u00f6nnen uns \u00fcber unsere Seite kontaktieren, um mehr Informationen \u00fcber unsere Dienstleistungen zu erfahren, indem Sie die Option \u201eNachricht senden\u201c benutzen. Um Ihre Fragen zu beantworten, sammeln und verarbeiten wir den Benutzernamen, den Sie auf sozialen Netzwerken haben, sowie andere Informationen, die durch Ihr Profil \u00f6ffentlich verf\u00fcgbar sind. Selbst das Versenden einer Nachricht, um mit uns zu kommunizieren, bringt Ihre Einwilligung zur oben genannten Verarbeitung Ihrer Daten mit.<\/p>\n<p>Wenn Sie sich dazu entscheiden, sich mit unserer Seite zu \u201everbinden\u201c(indem sie auf \u201eHinzuf\u00fcgen\u201c klicken), erkl\u00e4ren Sie Ihre Einwilligung, um Nachrichten und Angebotsaktionen (im Newsfeed) unseres Unternehmens auf seiner sozialen Netzwerkseite zu verfolgen. Wenn Sie solche Updates nicht mehr bekommen m\u00f6chten, k\u00f6nnen Sie jederzeit auf die Option \u201eL\u00f6schen\u201c bzw. \u201eNicht mehr abonnieren\u201c usw. klicken.<\/p>\n<p>&nbsp;<\/p>\n<p>Wir treffen alle (technischen und organisatorischen) Ma\u00dfnahmen zur sicheren Datenverarbeitung \u00fcber Facebook, wie z.B. die beschr\u00e4nkte Anzahl der Personen, die zur Verwaltung unseres Netzwerk-Kontos Zugang haben. Unser Unternehmen \u00fcbernimmt keinerlei Haftung daf\u00fcr, wie die Netzplattform Ihre Daten verarbeitet. \u00dcber die Verarbeitung Ihrer Daten k\u00f6nnen Sie mehr auf dem entsprechenden Link von Facebook erfahren.<\/p>\n<p>&nbsp;<\/p>\n<p>6.Lieferantendaten<\/p>\n<p>Zur Erf\u00fcllung des zwischen uns bestehenden Vertrags sammeln wir die Daten unserer Lieferanten, wie z.B. Vor- und Nachnamen, Firmennamen, Adresse, Kontakt-, Versand- und Wirtschaftsdaten, die Sie uns selbst bereitstellen. Rechtsgrundlage der Verarbeitung Ihrer Daten ist die Erf\u00fcllung des Vertrags sowie die Einhaltung unsererseits der entsprechenden rechtlichen Verpflichtungen (DSGVO, Artikel 6 Abs. 1b und c). Wir speichern die Daten f\u00fcr einen Zeitraum von bis zu zw\u00f6lf Jahren nach der letzten Dienstleistung, oder solange dies nach der Steuer- oder entsprechender Gesetzgebung erforderlich ist.<\/p>\n<p>&nbsp;<\/p>\n<p>7.Stellenbewerbung<\/p>\n<p>Wenn Sie sich mit Ihrem Lebenslauf um eine Stelle bei uns (Online oder in unserem Sitz) bewerben, stellen Sie uns Ihre personenbezogenen Daten bereit, die in ihrem Lebenslauf enthalten sind, z.B. Ihren Vor- und Nachnamen, Ihre Ausbildung, Ihre beruflichen Erfahrungen und Kompetenzen, Ihre Vorlieben usw., sowie alle anderen Informationen, die Sie uns zur Verf\u00fcgung stellen m\u00f6chten, z.B. Ihr Foto. Wir speichern Ihre personenbezogenen Daten f\u00fcr einen Zeitraum bis zu drei Jahren, um die M\u00f6glichkeit Ihrer Einstellung zu beurteilen. Rechtsgrundlage der Verarbeitung Ihrer Daten ist dabei Ihre Einwilligung sowie Ihre Bewerbung, bevor Sie eventuell einen Vertrag \u00a0mit uns schlie\u00dfen (DSGVO Artikel 6 Abs. 1a und 1b).<\/p>\n<p>&nbsp;<\/p>\n<p>&nbsp;<\/p>\n<p>&nbsp;<\/p>\n<p><strong>Wer hat Zugang zu Ihren Daten. Daten<\/strong><strong>\u00fc<\/strong><strong>bertragungen<\/strong><strong>.<\/strong><\/p>\n<p>Ihre Daten sind unseren Angestellten sowie jeder anderen Person zug\u00e4nglich, die zur Verarbeitung Ihrer Daten bei der Aus\u00fcbung ihrer Aufgaben befugt ist. Au\u00dferdem kooperieren wir mit dritten Personen, nat\u00fcrlichen oder juristischen, Fachleuten, Betreuern usw., die uns gewerbliche, professionelle oder technische Dienstleistungen (z.B. Webhosting, Buchhaltungsdienste, Versanddienste bzw. Courier) zu den oben genannten Zwecken anbieten und unser Unternehmen ganz oder teilweise hinsichtlich unserer Aktivit\u00e4ten unterst\u00fctzen. Gegebenenfalls werden diese nat\u00fcrlichen\/juristischen Personen als Mit- oder unabh\u00e4ngig Verarbeitungsverantwortliche, Verarbeitungsdurchf\u00fchrende oder zur Verarbeitung der personenbezogenen Daten befugte Personen handeln, und zwar zu denselben, oben genannten Zwecken, mit denselben Sicherheitsma\u00dfnahmen und nach den geltenden rechtlichen Verpflichtungen.<\/p>\n<p>&nbsp;<\/p>\n<p>Bevor die Drittpartei die personenbezogenen Daten erh\u00e4lt, m\u00fcssen wir: (1) die Kontrolle der Geheimhaltungspflicht durchf\u00fchren, um die Geheimhaltungspraktiken sowie die mit diesen Drittparteien verbundenen Gefahren zu beurteilen und (2) vertraglich eine Garantie von diesen Drittparteien dar\u00fcber erhalten, dass sie personenbezogene Daten gem\u00e4\u00df unserer Anweisungen sowie der geltenden Datenschutzerkl\u00e4rung und dem anzuwendenden Recht verarbeiten werden, und dass sie unser Unternehmen \u00fcber eventuelle Datenschutz- oder Sicherheitsereignisse und Nichteinhaltung der anhand dieser Datenschutzerkl\u00e4rung und der bestehenden Gesetzgebung festgelegten Standards unmittelbar informieren werden, dass sie zur Wiedergutmachung jedes solchen Ereignisses mit uns kooperieren werden, dass sie uns dabei helfen, den unten festgelegten Rechten der Personen nachzukommen und dass sie dem Verarbeitungsverantwortlichen erlauben werden, die Verarbeitung der Daten bez\u00fcglich der Einhaltung dieser Anforderungen zu kontrollieren.<\/p>\n<p>&nbsp;<\/p>\n<p>Schlie\u00dflich, k\u00f6nnen die Daten an \u00f6ffentliche Beh\u00f6rden und Institute, sowie an unsere rechtlichen Betreuer (Justiziare und Versicherungsgesellschaften) zu rechtlichen Zwecken weitergeleitet werden.<\/p>\n<p>&nbsp;<\/p>\n<p>Abgesehen davon werden die Daten an Dritte, Privatpersonen oder juristische Personen weder weitergeleitet noch zur Verf\u00fcgung gestellt.<\/p>\n<p>&nbsp;<\/p>\n<p>Unser Unternehmen \u00fcbertr\u00e4gt keine personenbezogenen Daten au\u00dferhalb der EU und, falls erforderlich (zum Beispiel, um Cloud-Dienste zu benutzen), wird dies nach den in Artikel 44 ff. der DSGVO vorgesehenen Bestimmungen und Bedingungen erfolgen, unter anderem mit Ihrer Einwilligung und der Anwendung von standardisierten vertraglichen Klauseln, die von der Europ\u00e4ischen Kommission oder von L\u00e4ndern genehmigt worden sind, die aus Sicht der Europ\u00e4ischen Kommission als sicher gelten.<\/p>\n<p>&nbsp;<\/p>\n<p>&nbsp;<\/p>\n<p>&nbsp;<\/p>\n<p><strong>Daten<\/strong> <strong>von<\/strong> <strong>Minderj<\/strong><strong>\u00e4<\/strong><strong>hrigen<\/strong><\/p>\n<p>&nbsp;<\/p>\n<p>Unser Unternehmen verwaltet keine Daten von Minderj\u00e4hrigen.<\/p>\n<p>&nbsp;<\/p>\n<p>&nbsp;<\/p>\n<p>&nbsp;<\/p>\n<p><strong>Cookies und \u00e4hnliche Technologien<\/strong><\/p>\n<p>&nbsp;<\/p>\n<p>Wie die meisten Webseiten, benutzen wir auch Cookies und \u00e4hnliche Technologien bei Ihrem Besuch und Browsen auf unserer Webseite, um sie m\u00f6glichst angenehm und effizient zu gestalten.<\/p>\n<p>&nbsp;<\/p>\n<p>Cookies sind kleine Textdateien, die auf der Festplatte des Computers oder eines anderen elektronischen, zum Zugang zur Webseite vom Benutzer verwendeten Ger\u00e4tes gespeichert werden. Cookies sind Webbrowser-spezifisch (z.B. Google Chrome, Mozilla Firefox, Internet Explorer, Opera usw.) und enthalten anonymisierte Informationen, die sich auf die von Ihnen besuchten Webseiten und von Ihnen benutzten Ger\u00e4ten beziehen.<\/p>\n<p>&nbsp;<\/p>\n<p>&nbsp;<\/p>\n<p>&nbsp;<\/p>\n<p><strong>Cookie-Typen, die wir verwenden: <\/strong><\/p>\n<p>&nbsp;<\/p>\n<p>a) Technische und Funktions-Cookies (erforderlich)<\/p>\n<p>&nbsp;<\/p>\n<p>Diese Cookies sind f\u00fcr die Hauptfunktionen unserer Webseite und unserer App erforderlich. Sie sind notwendig f\u00fcr Ihr Browsen auf unserer Webseite und f\u00fcr Ihren Zugang zu deren verschiedenen Einheiten. Die Anbietung der Web-Hauptdienste der Webseite ist ohne diese Cookies nicht m\u00f6glich.<\/p>\n<p>&nbsp;<\/p>\n<p>b) Statistische bzw. Analyse- und Leistungs-Cookies<\/p>\n<p>&nbsp;<\/p>\n<p>Diese Cookies sammeln Informationen dar\u00fcber, wie Sie unsere Webseite benutzen, z.B. \u00fcber die Webseite, \u00fcber die Sie uns besucht haben, oder \u00fcber die von Ihnen am h\u00e4ufigsten besuchten Seiten, den von Ihnen verwendeten Webbrowser usw. Wir benutzen diese Cookies, um die Besuchsh\u00e4ufigkeit zu analysieren und die Leistung unserer Webseite zu verbessern. Sie sammeln zusammengefasste, anonyme statistische Informationen, die zur Identifizierung des Besuchers nicht f\u00fchren k\u00f6nnen.<\/p>\n<p>&nbsp;<\/p>\n<p>Informationen \u00fcber die Google Analytics Dienstleistung<\/p>\n<p>&nbsp;<\/p>\n<p>Wir benutzen die Google Analytics Dienstleistung, um die Besuchsh\u00e4ufigkeit zu erfassen und unsere Webseite zu verbessern. Google Analytics verwendet Cookies, um bestimmte Informationen zu speichern, wie z.B. die Besuchsdauer auf der Webseite, den benutzten Webbrowser, den Ort und die H\u00e4ufigkeit der Besuche. Um Zugang zu diesen Daten zu haben, erlauben wir Google Analytics, Cookies auf die Festplatte des Computers oder jedes anderen elektronischen Ger\u00e4tes des Benutzers zu platzieren. Die Google Analytics Dienstleistung geh\u00f6rt zur Firma Google Inc. Mehr Informationen \u00fcber die Datenverarbeitungspolitik von Google k\u00f6nnen Sie hier und \u00fcber die Verwendung von Cookies im Rahmen der Analytics Dienstleistung hier finden. Technische Informationen \u00fcber die Cookies von Google Analytics sind hier verf\u00fcgbar.<\/p>\n<p>&nbsp;<\/p>\n<p>Sie haben die M\u00f6glichkeit, die Erhebung Ihrer Daten durch Google Analytics ganz einzustellen, indem Sie in Ihrem Browser folgendes Add-On installieren:<\/p>\n<p>&nbsp;<\/p>\n<p>https:\/\/tools.google.com\/dlpage\/gaoptout<\/p>\n<p>&nbsp;<\/p>\n<ol>\n<li>c) Cookies kommerzieller Promotion\/gezielter Werbung<\/li>\n<\/ol>\n<p>Wir verwenden Cookies (eventuell auch von Drittanbietern, wie Doubleclick\/Google u.a.) f\u00fcr personalisierte, an Ihre Vorlieben angepasste Werbung. Mittels einer einzigen ID-Nummer werden verschiedene Informationen anerkannt, wie z.B. Ihre IP-Adresse, der Webbrowser, den Sie benutzen, die bereits in Ihrem Webbrowser gezeigte Werbung, Ihr eventueller Zugang zu einer Webseite \u00fcber eine Werbung oder der Ort Ihres Besuches. Sie haben die M\u00f6glichkeit, die Installation solcher Cookies auszuschlie\u00dfen, was nicht personalisierte Werbung zur Folge haben wird.<\/p>\n<p>&nbsp;<\/p>\n<p>&nbsp;<\/p>\n<p>&nbsp;<\/p>\n<p><strong>Cookie<\/strong><strong>&#8211;<\/strong><strong>Verwaltung<\/strong><\/p>\n<p>&nbsp;<\/p>\n<p>Sie k\u00f6nnen sich entweder einzeln oder insgesamt f\u00fcr die Cookie-Annahme bei Ihrem Besuch auf unserer Webseite entscheiden. Sie k\u00f6nnen auch Ihre Webbrowser-Einstellungen so \u00e4ndern, dass Sie \u00fcber die Cookie-Funktion informiert werden und sich f\u00fcr die Annahme oder Ausschaltung der Cookies entscheiden. Die Verwaltung der Cookie-Einstellungen ist von Browser zu Browser unterschiedlich. Dies wird im Hilfe-Menu jedes Webbrowsers beschrieben, worin erkl\u00e4rt wird, wie man die Cookie-Einstellungen \u00e4ndern kann. Folgen Sie dem Link, der Ihrem Webbrowser entspricht:<\/p>\n<p>&nbsp;<\/p>\n<p>Internet Explorer<\/p>\n<p>Firefox<\/p>\n<p>Chrome<\/p>\n<p>Safari<\/p>\n<p>Opera<\/p>\n<p>Wir bitten Sie zu ber\u00fccksichtigen, dass die Einstellungen f\u00fcr jeden Webbrowser und jedes von Ihnen verwendete Ger\u00e4t entsprechend zu \u00e4ndern sind. Dar\u00fcber hinaus informieren wir Sie dar\u00fcber, dass eine eventuelle Cookie-Einschr\u00e4nkung Sie daran hindern wird, einige unserer Dienstleistungen vollst\u00e4ndig zu benutzen, und uns die Verbesserung und Personalisierung Ihres Browsens auf unserer Webseite nicht erlauben wird.<\/p>\n<p>Sie k\u00f6nnen mehr \u00fcber Cookies unter www.allaboutcookies.org und www.youronlinechoices.eu erfahren.<\/p>\n<p>Andernfalls k\u00f6nnen Sie die Cookie-Verwendung von Drittparteien \u00fcber die entsprechende Dienstleistung von Network Advertising Initiative deaktivieren.<\/p>\n<p>Klicken Sie hier, um die von uns verwendeten Cookies anzusehen.<\/p>\n<p>&nbsp;<\/p>\n<p>&nbsp;<\/p>\n<p><strong>Rechte<\/strong> <strong>der<\/strong> <strong>betroffenen<\/strong> <strong>Personen<\/strong><\/p>\n<p>Sie k\u00f6nnen uns per Telefon, Post oder E-Mail unter den Adressen kontaktieren, die weiter oben in der \u201eEinleitung\u201c angegeben werden, um Ihre Rechte nach den Artikeln 15 ff. der DSGVO auszu\u00fcben, n\u00e4mlich Ihr Recht auf Auskunft, Zugang, Berichtigung, (gegebenenfalls) L\u00f6schung, sowie auf Einschr\u00e4nkung der Verarbeitung oder auf Widerspruch gegen die Verarbeitung. Sie k\u00f6nnen zum Beispiel eine aktualisierte Liste der Personen verlangen, die Zugang zu Ihren Daten haben, oder eine Best\u00e4tigung dazu erhalten, ob wir mit Ihnen verbundene personenbezogene Daten verarbeiten oder nicht, Inhalt, Quelle, Richtigkeit und Ort (ggf. auch in Zusammenhang mit Drittland) davon kontrollieren, eine Kopie oder Berichtigung davon verlangen und ihre Verarbeitung einschr\u00e4nken, oder sogar ihre L\u00f6schung fordern, falls zutreffend.<\/p>\n<p>Sie k\u00f6nnen jederzeit bei der Griechischen Datenschutzbeh\u00f6rde (Kifisias-Stra\u00dfe 1-2, GR 115 23, Athen, Griechenland, Telefonzentrale: + 30-210 6475600 oder unter http:\/\/www.dpa.gr\/) Kommentare hinterlassen und Beschwerden einreichen.<\/p>\n<p>&nbsp;<\/p>\n<p>September 2019[\/vc_column_text][\/vc_column][\/vc_row]<\/p>\n","protected":false},"excerpt":{"rendered":"<p>[vc_row content_layout=&#8220;boxed&#8220; equal_height=&#8220;&#8220; animation_delay=&#8220;&#8220; disable=&#8220;&#8220; id=&#8220;&#8220; class=&#8220;&#8220; bg_type=&#8220;image&#8220; bg_image=&#8220;&#8220; color_overlay=&#8220;&#8220; enable_parallax=&#8220;&#8220; enable_pattern=&#8220;&#8220;][vc_column layout=&#8220;normal&#8220; vertical_align=&#8220;auto&#8220; animation_delay=&#8220;&#8220;][vc_column_text]PERSONENBEZOGENE DATEN Einleitung &nbsp; Verantwortlicher f\u00fcr die Verarbeitung Ihrer personenbezogenen Daten ist das Unternehmen PREVELIANAKIS ANGELOS Ein-Personen-GmbH \u2013 CRETAN MYRON, mit Sitz in Avgeniki Maleviziou, PLZ 700 11, Heraklion, Kreta, Griechenland, Tel. +30 2810 792040, E-Mail: info@cretanmyron.gr,\u00a0 Steuer-Id.Nr.:\u00a0 998865342. Unser Unternehmen [&hellip;]<\/p>\n","protected":false},"author":4,"featured_media":0,"parent":0,"menu_order":0,"comment_status":"closed","ping_status":"closed","template":"","meta":[],"_links":{"self":[{"href":"https:\/\/cretanmyron.gr\/de\/wp-json\/wp\/v2\/pages\/4312"}],"collection":[{"href":"https:\/\/cretanmyron.gr\/de\/wp-json\/wp\/v2\/pages"}],"about":[{"href":"https:\/\/cretanmyron.gr\/de\/wp-json\/wp\/v2\/types\/page"}],"author":[{"embeddable":true,"href":"https:\/\/cretanmyron.gr\/de\/wp-json\/wp\/v2\/users\/4"}],"replies":[{"embeddable":true,"href":"https:\/\/cretanmyron.gr\/de\/wp-json\/wp\/v2\/comments?post=4312"}],"version-history":[{"count":0,"href":"https:\/\/cretanmyron.gr\/de\/wp-json\/wp\/v2\/pages\/4312\/revisions"}],"wp:attachment":[{"href":"https:\/\/cretanmyron.gr\/de\/wp-json\/wp\/v2\/media?parent=4312"}],"curies":[{"name":"wp","href":"https:\/\/api.w.org\/{rel}","templated":true}]}}